{"id":4991,"date":"2024-07-10T11:36:15","date_gmt":"2024-07-10T09:36:15","guid":{"rendered":"https:\/\/luya.bio\/?post_type=product&#038;p=4991"},"modified":"2026-04-02T14:14:49","modified_gmt":"2026-04-02T12:14:49","slug":"super-croustillant-400","status":"publish","type":"product","link":"https:\/\/luya.bio\/fr\/product\/super-crispy-400\/","title":{"rendered":"Super Crispy"},"content":{"rendered":"<div class=\"wp-block-columns accordion-group\">\n<div class=\"wp-block-column\" style=\"flex-basis:50%\"><div class=\"wp-block-acf-accordion\">\n\t\t\t<h2 class=\"accordion-header\" id=\"heading--block_6a739b6357d0f1aebe03e9ae57ed87aa\">\n\t\t\t<button class=\"accordion-button\" type=\"button\"\n\t\t\t\tdata-target=\"#content-block_6a739b6357d0f1aebe03e9ae57ed87aa\"\n\t\t\t\taria-expanded=\"false\">\n\t\t\t\tIngr\u00e9dients\t\t\t<\/button>\n\t\t<\/h2>\n\t\t<div id=\"content-block_6a739b6357d0f1aebe03e9ae57ed87aa\"\n\t\t\tclass=\"accordion-collapse collapse\"\n\t\t\taria-labelledby=\"heading--block_6a739b6357d0f1aebe03e9ae57ed87aa\"\n\t\t\tdata-bs-parent=\"#heading--block_6a739b6357d0f1aebe03e9ae57ed87aa\">\n\n\t\t\t<div class=\"accordion-body\" data-type=\"\">\n\t\t\t\t\n\t\t\t\t\t\t\t\t\t\t\t<p>\n\t\t\t\t\t\t\t<p><strong>SOJA<\/strong>okara 36%*, pois chiches 26%*, eau, panure de cornflakes (ma\u00efs*, sucre*, sel), chapelure (farine de<strong>BLE<\/strong>*, eau, sel, levure*), huile de tournesol*, farine de <strong>BLE<\/strong>*, jus de citron concentr\u00e9*, sel, culture de champignons, \u00e9pices*, amidon de ma\u00efs*.<\/p>\n<p>*issu de l'agriculture biologique<\/p>\n<p>Produit bio \u00e0 base d'okara de soja ferment\u00e9 et de pois chiches (pasteuris\u00e9)<\/p>\n\t\t\t\t\t\t<\/p>\n\n\t\t\t\t\t\n\t\t\t\t\t\t\t<\/div>\n\t\t<\/div>\n\t<\/div>\n\n\n<div class=\"wp-block-acf-accordion\">\n\t\t\t<h2 class=\"accordion-header\" id=\"heading--block_d8d379ca4d7023ef79bfae641afa5d8e\">\n\t\t\t<button class=\"accordion-button\" type=\"button\"\n\t\t\t\tdata-target=\"#content-block_d8d379ca4d7023ef79bfae641afa5d8e\"\n\t\t\t\taria-expanded=\"false\">\n\t\t\t\tAllerg\u00e8nes\t\t\t<\/button>\n\t\t<\/h2>\n\t\t<div id=\"content-block_d8d379ca4d7023ef79bfae641afa5d8e\"\n\t\t\tclass=\"accordion-collapse collapse\"\n\t\t\taria-labelledby=\"heading--block_d8d379ca4d7023ef79bfae641afa5d8e\"\n\t\t\tdata-bs-parent=\"#heading--block_d8d379ca4d7023ef79bfae641afa5d8e\">\n\n\t\t\t<div class=\"accordion-body\" data-type=\"\">\n\t\t\t\t\n\t\t\t\t\t\t\t\t\t\t\t<p>\n\t\t\t\t\t\t\t<p>Contient du soja et du gluten.<\/p>\n\t\t\t\t\t\t<\/p>\n\n\t\t\t\t\t\n\t\t\t\t\t\t\t<\/div>\n\t\t<\/div>\n\t<\/div>\n<\/div>\n\n\n\n<div class=\"wp-block-column\" style=\"flex-basis:50%\"><div class=\"wp-block-acf-accordion\">\n\t\t\t<h2 class=\"accordion-header\" id=\"heading--block_dee167db7a04c2548fd532bcc039f5dc\">\n\t\t\t<button class=\"accordion-button\" type=\"button\"\n\t\t\t\tdata-target=\"#content-block_dee167db7a04c2548fd532bcc039f5dc\"\n\t\t\t\taria-expanded=\"false\">\n\t\t\t\tValeurs nutritives\t\t\t<\/button>\n\t\t<\/h2>\n\t\t<div id=\"content-block_dee167db7a04c2548fd532bcc039f5dc\"\n\t\t\tclass=\"accordion-collapse collapse\"\n\t\t\taria-labelledby=\"heading--block_dee167db7a04c2548fd532bcc039f5dc\"\n\t\t\tdata-bs-parent=\"#heading--block_dee167db7a04c2548fd532bcc039f5dc\">\n\n\t\t\t<div class=\"accordion-body\" data-type=\"\">\n\t\t\t\t\n\t\t\t\t\t\t\t\t\t\t\t<ul class=\"accordion-list\">\n\t\t\t\t\t\t\t\t\t\t\t\t\t\t\t<li>\n\t\t\t\t\t\t\t\t\t<span class=\"label\">\n\t\t\t\t\t\t\t\t\t\tValeurs nutritives moyennes\u00a0\t\t\t\t\t\t\t\t\t<\/span>\n\t\t\t\t\t\t\t\t\t<span class=\"value\">\n\t\t\t\t\t\t\t\t\t\tpour 100 g\t\t\t\t\t\t\t\t\t<\/span>\n\t\t\t\t\t\t\t\t<\/li>\n\t\t\t\t\t\t\t\t\t\t\t\t\t\t\t<li>\n\t\t\t\t\t\t\t\t\t<span class=\"label\">\n\t\t\t\t\t\t\t\t\t\t\u00c9nergie\t\t\t\t\t\t\t\t\t<\/span>\n\t\t\t\t\t\t\t\t\t<span class=\"value\">\n\t\t\t\t\t\t\t\t\t\t732 kJ \/ 175 kcal\t\t\t\t\t\t\t\t\t<\/span>\n\t\t\t\t\t\t\t\t<\/li>\n\t\t\t\t\t\t\t\t\t\t\t\t\t\t\t<li>\n\t\t\t\t\t\t\t\t\t<span class=\"label\">\n\t\t\t\t\t\t\t\t\t\tGraisse\t\t\t\t\t\t\t\t\t<\/span>\n\t\t\t\t\t\t\t\t\t<span class=\"value\">\n\t\t\t\t\t\t\t\t\t\t4,9 g\t\t\t\t\t\t\t\t\t<\/span>\n\t\t\t\t\t\t\t\t<\/li>\n\t\t\t\t\t\t\t\t\t\t\t\t\t\t\t<li>\n\t\t\t\t\t\t\t\t\t<span class=\"label sub-item\">\n\t\t\t\t\t\t\t\t\t\tdont acides gras satur\u00e9s\t\t\t\t\t\t\t\t\t<\/span>\n\t\t\t\t\t\t\t\t\t<span class=\"value\">\n\t\t\t\t\t\t\t\t\t\t0.7 g\t\t\t\t\t\t\t\t\t<\/span>\n\t\t\t\t\t\t\t\t<\/li>\n\t\t\t\t\t\t\t\t\t\t\t\t\t\t\t<li>\n\t\t\t\t\t\t\t\t\t<span class=\"label\">\n\t\t\t\t\t\t\t\t\t\tGlucides\t\t\t\t\t\t\t\t\t<\/span>\n\t\t\t\t\t\t\t\t\t<span class=\"value\">\n\t\t\t\t\t\t\t\t\t\t22 g\t\t\t\t\t\t\t\t\t<\/span>\n\t\t\t\t\t\t\t\t<\/li>\n\t\t\t\t\t\t\t\t\t\t\t\t\t\t\t<li>\n\t\t\t\t\t\t\t\t\t<span class=\"label sub-item\">\n\t\t\t\t\t\t\t\t\t\tdont sucre\t\t\t\t\t\t\t\t\t<\/span>\n\t\t\t\t\t\t\t\t\t<span class=\"value\">\n\t\t\t\t\t\t\t\t\t\t1,1 g\t\t\t\t\t\t\t\t\t<\/span>\n\t\t\t\t\t\t\t\t<\/li>\n\t\t\t\t\t\t\t\t\t\t\t\t\t\t\t<li>\n\t\t\t\t\t\t\t\t\t<span class=\"label\">\n\t\t\t\t\t\t\t\t\t\tFibres alimentaires\t\t\t\t\t\t\t\t\t<\/span>\n\t\t\t\t\t\t\t\t\t<span class=\"value\">\n\t\t\t\t\t\t\t\t\t\t6,9 g\t\t\t\t\t\t\t\t\t<\/span>\n\t\t\t\t\t\t\t\t<\/li>\n\t\t\t\t\t\t\t\t\t\t\t\t\t\t\t<li>\n\t\t\t\t\t\t\t\t\t<span class=\"label\">\n\t\t\t\t\t\t\t\t\t\tProt\u00e9ines\t\t\t\t\t\t\t\t\t<\/span>\n\t\t\t\t\t\t\t\t\t<span class=\"value\">\n\t\t\t\t\t\t\t\t\t\t7,1 g\t\t\t\t\t\t\t\t\t<\/span>\n\t\t\t\t\t\t\t\t<\/li>\n\t\t\t\t\t\t\t\t\t\t\t\t\t\t\t<li>\n\t\t\t\t\t\t\t\t\t<span class=\"label\">\n\t\t\t\t\t\t\t\t\t\tSel\t\t\t\t\t\t\t\t\t<\/span>\n\t\t\t\t\t\t\t\t\t<span class=\"value\">\n\t\t\t\t\t\t\t\t\t\t1,4 g\t\t\t\t\t\t\t\t\t<\/span>\n\t\t\t\t\t\t\t\t<\/li>\n\t\t\t\t\t\t\t\t\t\t\t\t\t<\/ul>\n\t\t\t\t\t\n\t\t\t\t\t\t\t<\/div>\n\t\t<\/div>\n\t<\/div>\n\n\n<div class=\"wp-block-acf-accordion\">\n\t\t\t<h2 class=\"accordion-header\" id=\"heading--block_6f25c60fcab6f216adf07be861c4bd00\">\n\t\t\t<button class=\"accordion-button\" type=\"button\"\n\t\t\t\tdata-target=\"#content-block_6f25c60fcab6f216adf07be861c4bd00\"\n\t\t\t\taria-expanded=\"false\">\n\t\t\t\tLivraison\t\t\t<\/button>\n\t\t<\/h2>\n\t\t<div id=\"content-block_6f25c60fcab6f216adf07be861c4bd00\"\n\t\t\tclass=\"accordion-collapse collapse\"\n\t\t\taria-labelledby=\"heading--block_6f25c60fcab6f216adf07be861c4bd00\"\n\t\t\tdata-bs-parent=\"#heading--block_6f25c60fcab6f216adf07be861c4bd00\">\n\n\t\t\t<div class=\"accordion-body\" data-type=\"\">\n\t\t\t\t\n\t\t\t\t\t\t\t\t\t\t\t<p>\n\t\t\t\t\t\t\t<p>Nous envoyons Luya surgel\u00e9 le lundi en courrier A suisse. Du mardi au dimanche, il n'y a pas d'exp\u00e9dition. Nous nous assurons ainsi que ton colis arrive dans un d\u00e9lai maximum de 48 h \u00e0 une temp\u00e9rature maximale de 5 \u00b0 C.<\/p>\n<p>Apr\u00e8s r\u00e9ception, les produits doivent \u00eatre r\u00e9frig\u00e9r\u00e9s imm\u00e9diatement. R\u00e9frig\u00e9r\u00e9, Luya doit \u00eatre conserv\u00e9 \u00e0 une temp\u00e9rature maximale de 5\u00b0 C. Ensuite, Luya peut \u00eatre conserv\u00e9 au r\u00e9frig\u00e9rateur pendant au moins 12 jours sans \u00eatre ouvert. La date de p\u00e9remption exacte est indiqu\u00e9e sur l'emballage. Apr\u00e8s ouverture, veuillez consommer dans les 5 jours. Une fois d\u00e9congel\u00e9s, nous recommandons de ne pas recongeler les produits Luya.<\/p>\n<p><strong data-start=\"456\" data-end=\"502\">D\u00e9lais de livraison sp\u00e9ciaux pendant les f\u00eates :<\/strong><br data-start=\"502\" data-end=\"505\" \/>Pendant la p\u00e9riode de No\u00ebl et du Nouvel An, nous suspendons les envois. Les commandes seront\u00a0<strong data-start=\"649\" data-end=\"695\">ne seront \u00e0 nouveau livr\u00e9s qu'\u00e0 partir du 6 janvier.<\/strong><\/p>\n\t\t\t\t\t\t<\/p>\n\n\t\t\t\t\t\n\t\t\t\t\t\t\t<\/div>\n\t\t<\/div>\n\t<\/div>\n<\/div>\n<\/div>\n\n\n\n<div class=\"wp-block-columns are-vertically-aligned-bottom icons-with-labels\">\n<div class=\"wp-block-column is-vertically-aligned-bottom\">\n<figure class=\"wp-block-image alignfull size-full\"><img loading=\"lazy\" decoding=\"async\" width=\"239\" height=\"142\" src=\"\/wp-content\/uploads\/2024\/01\/luya.bio-Icon-GanzeHuelsenfruechte.png\" alt=\"\" class=\"wp-image-3113\"\/><figcaption class=\"wp-element-caption\">Entiers <br>L\u00e9gumineuses<\/figcaption><\/figure>\n<\/div>\n\n\n\n<div class=\"wp-block-column is-vertically-aligned-bottom\">\n<figure class=\"wp-block-image alignfull size-full\"><img loading=\"lazy\" decoding=\"async\" width=\"239\" height=\"164\" src=\"\/wp-content\/uploads\/2024\/01\/luya.bio-Icon-OhneZusatzstoffe.png\" alt=\"\" class=\"wp-image-3116\"\/><figcaption class=\"wp-element-caption\">Sans <br>Additifs<\/figcaption><\/figure>\n<\/div>\n\n\n\n<div class=\"wp-block-column is-vertically-aligned-bottom\">\n<figure class=\"wp-block-image alignfull size-full\"><img loading=\"lazy\" decoding=\"async\" width=\"239\" height=\"142\" src=\"\/wp-content\/uploads\/2024\/01\/luya.bio-Icon-Fermentiert.png\" alt=\"\" class=\"wp-image-3110\"\/><figcaption class=\"wp-element-caption\">Naturellement <br>ferment\u00e9<\/figcaption><\/figure>\n<\/div>\n\n\n\n<div class=\"wp-block-column is-vertically-aligned-bottom\">\n<figure class=\"wp-block-image alignfull size-full\"><img loading=\"lazy\" decoding=\"async\" width=\"239\" height=\"142\" src=\"\/wp-content\/uploads\/2024\/01\/luya.bio-Icon-SchweizerBio.png\" alt=\"\" class=\"wp-image-3122\"\/><figcaption class=\"wp-element-caption\">100 % <br>Bio suisse<\/figcaption><\/figure>\n<\/div>\n\n\n\n<div class=\"wp-block-column is-vertically-aligned-bottom\">\n<figure class=\"wp-block-image alignfull size-full\"><img loading=\"lazy\" decoding=\"async\" width=\"239\" height=\"165\" src=\"\/wp-content\/uploads\/2024\/01\/luya.bio-Icon-Plantbased.png\" alt=\"\" class=\"wp-image-3119\"\/><figcaption class=\"wp-element-caption\">100 % <br>Plant-based<\/figcaption><\/figure>\n<\/div>\n\n\n\n<div class=\"wp-block-column is-vertically-aligned-bottom\">\n<figure class=\"wp-block-image alignfull size-full\"><img loading=\"lazy\" decoding=\"async\" width=\"239\" height=\"165\" src=\"\/wp-content\/uploads\/2024\/01\/luya.bio-Icon-VielseitigKreativ.png\" alt=\"\" class=\"wp-image-3125\"\/><figcaption class=\"wp-element-caption\">Polyvalent &amp; <br>cr\u00e9atif<\/figcaption><\/figure>\n<\/div>\n<\/div>","protected":false},"excerpt":{"rendered":"<p>Luya bio nuggets avec<\/p>\n<p>panure croustillante, <strong>400 g<\/strong><\/p>","protected":false},"featured_media":5138,"comment_status":"open","ping_status":"closed","template":"","meta":{"_acf_changed":true},"product_brand":[],"product_cat":[16],"product_tag":[],"class_list":{"0":"post-4991","1":"product","2":"type-product","3":"status-publish","4":"has-post-thumbnail","6":"product_cat-produkte","7":"product_shipping_class-standard-versand","9":"first","10":"instock","11":"taxable","12":"shipping-taxable","13":"product-type-external"},"acf":[],"_links":{"self":[{"href":"https:\/\/luya.bio\/fr\/wp-json\/wp\/v2\/product\/4991","targetHints":{"allow":["GET"]}}],"collection":[{"href":"https:\/\/luya.bio\/fr\/wp-json\/wp\/v2\/product"}],"about":[{"href":"https:\/\/luya.bio\/fr\/wp-json\/wp\/v2\/types\/product"}],"replies":[{"embeddable":true,"href":"https:\/\/luya.bio\/fr\/wp-json\/wp\/v2\/comments?post=4991"}],"wp:featuredmedia":[{"embeddable":true,"href":"https:\/\/luya.bio\/fr\/wp-json\/wp\/v2\/media\/5138"}],"wp:attachment":[{"href":"https:\/\/luya.bio\/fr\/wp-json\/wp\/v2\/media?parent=4991"}],"wp:term":[{"taxonomy":"product_brand","embeddable":true,"href":"https:\/\/luya.bio\/fr\/wp-json\/wp\/v2\/product_brand?post=4991"},{"taxonomy":"product_cat","embeddable":true,"href":"https:\/\/luya.bio\/fr\/wp-json\/wp\/v2\/product_cat?post=4991"},{"taxonomy":"product_tag","embeddable":true,"href":"https:\/\/luya.bio\/fr\/wp-json\/wp\/v2\/product_tag?post=4991"}],"curies":[{"name":"wp","href":"https:\/\/api.w.org\/{rel}","templated":true}]}}