{"id":4225,"date":"2024-02-13T10:54:47","date_gmt":"2024-02-13T09:54:47","guid":{"rendered":"https:\/\/luya.bio\/?post_type=product&#038;p=4225"},"modified":"2026-04-02T14:13:45","modified_gmt":"2026-04-02T12:13:45","slug":"savory-teriyaki","status":"publish","type":"product","link":"https:\/\/luya.bio\/fr\/product\/savory-teriyaki\/","title":{"rendered":"Savory Teriyaki"},"content":{"rendered":"<div class=\"wp-block-columns accordion-group\">\n<div class=\"wp-block-column\" style=\"flex-basis:50%\"><div class=\"wp-block-acf-accordion\">\n\t\t\t<h2 class=\"accordion-header\" id=\"heading--block_56a22a467b4247d2fb6e2fdfe6008094\">\n\t\t\t<button class=\"accordion-button\" type=\"button\"\n\t\t\t\tdata-target=\"#content-block_56a22a467b4247d2fb6e2fdfe6008094\"\n\t\t\t\taria-expanded=\"false\">\n\t\t\t\tIngr\u00e9dients\t\t\t<\/button>\n\t\t<\/h2>\n\t\t<div id=\"content-block_56a22a467b4247d2fb6e2fdfe6008094\"\n\t\t\tclass=\"accordion-collapse collapse\"\n\t\t\taria-labelledby=\"heading--block_56a22a467b4247d2fb6e2fdfe6008094\"\n\t\t\tdata-bs-parent=\"#heading--block_56a22a467b4247d2fb6e2fdfe6008094\">\n\n\t\t\t<div class=\"accordion-body\" data-type=\"\">\n\t\t\t\t\n\t\t\t\t\t\t\t\t\t\t\t<p>\n\t\t\t\t\t\t\t<p><strong>SOJA<\/strong>okara 39%*, pois chiches 29%*, marinade (sauce de<strong>SOJA<\/strong>(eau, <strong>SOJA<\/strong>*, sel de mer), huile de tournesol*, sucre de canne*, eau, vinaigre de table*, farine de riz*, concentr\u00e9 de tomates*, \u00e9pices*), eau, jus de citron concentr\u00e9*, culture de champignons, sel, amidon de ma\u00efs*.<\/p>\n<p>*issu de l'agriculture biologique.<\/p>\n<p>Produit biologique marin\u00e9 \u00e0 base d'okara de f\u00e8ves de soja ferment\u00e9 et de pois chiches (pasteuris\u00e9)<\/p>\n\t\t\t\t\t\t<\/p>\n\n\t\t\t\t\t\n\t\t\t\t\t\t\t<\/div>\n\t\t<\/div>\n\t<\/div>\n\n\n<div class=\"wp-block-acf-accordion\">\n\t\t\t<h2 class=\"accordion-header\" id=\"heading--block_61d1b0b2d163f356fbd11e3e45d777f1\">\n\t\t\t<button class=\"accordion-button\" type=\"button\"\n\t\t\t\tdata-target=\"#content-block_61d1b0b2d163f356fbd11e3e45d777f1\"\n\t\t\t\taria-expanded=\"false\">\n\t\t\t\tAllerg\u00e8nes\t\t\t<\/button>\n\t\t<\/h2>\n\t\t<div id=\"content-block_61d1b0b2d163f356fbd11e3e45d777f1\"\n\t\t\tclass=\"accordion-collapse collapse\"\n\t\t\taria-labelledby=\"heading--block_61d1b0b2d163f356fbd11e3e45d777f1\"\n\t\t\tdata-bs-parent=\"#heading--block_61d1b0b2d163f356fbd11e3e45d777f1\">\n\n\t\t\t<div class=\"accordion-body\" data-type=\"\">\n\t\t\t\t\n\t\t\t\t\t\t\t\t\t\t\t<p>\n\t\t\t\t\t\t\t<p>Contient du soja.<\/p>\n\t\t\t\t\t\t<\/p>\n\n\t\t\t\t\t\n\t\t\t\t\t\t\t<\/div>\n\t\t<\/div>\n\t<\/div>\n<\/div>\n\n\n\n<div class=\"wp-block-column\" style=\"flex-basis:50%\"><div class=\"wp-block-acf-accordion\">\n\t\t\t<h2 class=\"accordion-header\" id=\"heading--block_a2fb0b2ea361a29f3ebfe43a6715c015\">\n\t\t\t<button class=\"accordion-button\" type=\"button\"\n\t\t\t\tdata-target=\"#content-block_a2fb0b2ea361a29f3ebfe43a6715c015\"\n\t\t\t\taria-expanded=\"false\">\n\t\t\t\tValeurs nutritives\t\t\t<\/button>\n\t\t<\/h2>\n\t\t<div id=\"content-block_a2fb0b2ea361a29f3ebfe43a6715c015\"\n\t\t\tclass=\"accordion-collapse collapse\"\n\t\t\taria-labelledby=\"heading--block_a2fb0b2ea361a29f3ebfe43a6715c015\"\n\t\t\tdata-bs-parent=\"#heading--block_a2fb0b2ea361a29f3ebfe43a6715c015\">\n\n\t\t\t<div class=\"accordion-body\" data-type=\"\">\n\t\t\t\t\n\t\t\t\t\t\t\t\t\t\t\t<ul class=\"accordion-list\">\n\t\t\t\t\t\t\t\t\t\t\t\t\t\t\t<li>\n\t\t\t\t\t\t\t\t\t<span class=\"label\">\n\t\t\t\t\t\t\t\t\t\tValeurs nutritives moyennes\u00a0\t\t\t\t\t\t\t\t\t<\/span>\n\t\t\t\t\t\t\t\t\t<span class=\"value\">\n\t\t\t\t\t\t\t\t\t\tpour 100 g\t\t\t\t\t\t\t\t\t<\/span>\n\t\t\t\t\t\t\t\t<\/li>\n\t\t\t\t\t\t\t\t\t\t\t\t\t\t\t<li>\n\t\t\t\t\t\t\t\t\t<span class=\"label\">\n\t\t\t\t\t\t\t\t\t\t\u00c9nergie\t\t\t\t\t\t\t\t\t<\/span>\n\t\t\t\t\t\t\t\t\t<span class=\"value\">\n\t\t\t\t\t\t\t\t\t\t492 kJ \/ 119 kcal\t\t\t\t\t\t\t\t\t<\/span>\n\t\t\t\t\t\t\t\t<\/li>\n\t\t\t\t\t\t\t\t\t\t\t\t\t\t\t<li>\n\t\t\t\t\t\t\t\t\t<span class=\"label\">\n\t\t\t\t\t\t\t\t\t\tGraisse\t\t\t\t\t\t\t\t\t<\/span>\n\t\t\t\t\t\t\t\t\t<span class=\"value\">\n\t\t\t\t\t\t\t\t\t\t4,7 g\t\t\t\t\t\t\t\t\t<\/span>\n\t\t\t\t\t\t\t\t<\/li>\n\t\t\t\t\t\t\t\t\t\t\t\t\t\t\t<li>\n\t\t\t\t\t\t\t\t\t<span class=\"label sub-item\">\n\t\t\t\t\t\t\t\t\t\tdont acides gras satur\u00e9s\t\t\t\t\t\t\t\t\t<\/span>\n\t\t\t\t\t\t\t\t\t<span class=\"value\">\n\t\t\t\t\t\t\t\t\t\t0,6 g\t\t\t\t\t\t\t\t\t<\/span>\n\t\t\t\t\t\t\t\t<\/li>\n\t\t\t\t\t\t\t\t\t\t\t\t\t\t\t<li>\n\t\t\t\t\t\t\t\t\t<span class=\"label\">\n\t\t\t\t\t\t\t\t\t\tGlucides\t\t\t\t\t\t\t\t\t<\/span>\n\t\t\t\t\t\t\t\t\t<span class=\"value\">\n\t\t\t\t\t\t\t\t\t\t8,5 g\t\t\t\t\t\t\t\t\t<\/span>\n\t\t\t\t\t\t\t\t<\/li>\n\t\t\t\t\t\t\t\t\t\t\t\t\t\t\t<li>\n\t\t\t\t\t\t\t\t\t<span class=\"label sub-item\">\n\t\t\t\t\t\t\t\t\t\tdont sucre\t\t\t\t\t\t\t\t\t<\/span>\n\t\t\t\t\t\t\t\t\t<span class=\"value\">\n\t\t\t\t\t\t\t\t\t\t2,7 g\t\t\t\t\t\t\t\t\t<\/span>\n\t\t\t\t\t\t\t\t<\/li>\n\t\t\t\t\t\t\t\t\t\t\t\t\t\t\t<li>\n\t\t\t\t\t\t\t\t\t<span class=\"label\">\n\t\t\t\t\t\t\t\t\t\tFibres alimentaires\t\t\t\t\t\t\t\t\t<\/span>\n\t\t\t\t\t\t\t\t\t<span class=\"value\">\n\t\t\t\t\t\t\t\t\t\t7,5 g\t\t\t\t\t\t\t\t\t<\/span>\n\t\t\t\t\t\t\t\t<\/li>\n\t\t\t\t\t\t\t\t\t\t\t\t\t\t\t<li>\n\t\t\t\t\t\t\t\t\t<span class=\"label\">\n\t\t\t\t\t\t\t\t\t\tProt\u00e9ines\t\t\t\t\t\t\t\t\t<\/span>\n\t\t\t\t\t\t\t\t\t<span class=\"value\">\n\t\t\t\t\t\t\t\t\t\t7,0 g\t\t\t\t\t\t\t\t\t<\/span>\n\t\t\t\t\t\t\t\t<\/li>\n\t\t\t\t\t\t\t\t\t\t\t\t\t\t\t<li>\n\t\t\t\t\t\t\t\t\t<span class=\"label\">\n\t\t\t\t\t\t\t\t\t\tSel\t\t\t\t\t\t\t\t\t<\/span>\n\t\t\t\t\t\t\t\t\t<span class=\"value\">\n\t\t\t\t\t\t\t\t\t\t1,0 g\t\t\t\t\t\t\t\t\t<\/span>\n\t\t\t\t\t\t\t\t<\/li>\n\t\t\t\t\t\t\t\t\t\t\t\t\t<\/ul>\n\t\t\t\t\t\n\t\t\t\t\t\t\t<\/div>\n\t\t<\/div>\n\t<\/div>\n\n\n<div class=\"wp-block-acf-accordion\">\n\t\t\t<h2 class=\"accordion-header\" id=\"heading--block_aa8cf5a63d715dcf13724ce7b737de0c\">\n\t\t\t<button class=\"accordion-button\" type=\"button\"\n\t\t\t\tdata-target=\"#content-block_aa8cf5a63d715dcf13724ce7b737de0c\"\n\t\t\t\taria-expanded=\"false\">\n\t\t\t\tLivraison\t\t\t<\/button>\n\t\t<\/h2>\n\t\t<div id=\"content-block_aa8cf5a63d715dcf13724ce7b737de0c\"\n\t\t\tclass=\"accordion-collapse collapse\"\n\t\t\taria-labelledby=\"heading--block_aa8cf5a63d715dcf13724ce7b737de0c\"\n\t\t\tdata-bs-parent=\"#heading--block_aa8cf5a63d715dcf13724ce7b737de0c\">\n\n\t\t\t<div class=\"accordion-body\" data-type=\"\">\n\t\t\t\t\n\t\t\t\t\t\t\t\t\t\t\t<p>\n\t\t\t\t\t\t\t<p>Nous envoyons Luya congel\u00e9. Apr\u00e8s r\u00e9ception, les produits doivent \u00eatre imm\u00e9diatement r\u00e9frig\u00e9r\u00e9s. Une fois d\u00e9congel\u00e9s, nous recommandons de ne pas recongeler les produits Luya.<\/p>\n<p>Conserve Luya au frais \u00e0 une temp\u00e9rature maximale de 5\u00b0C. Apr\u00e8s ouverture, \u00e0 consommer dans les 5 jours. La dur\u00e9e de conservation des produits non ouverts est indiqu\u00e9e sur l'emballage.<\/p>\n<p>Nous exp\u00e9dions le lundi en courrier A suisse, du mardi au dimanche il n'y a pas d'exp\u00e9dition. Nous nous assurons ainsi que ton colis arrive dans un d\u00e9lai maximum de 48h \u00e0 une temp\u00e9rature maximale de 5\u00b0 C. Ensuite, Luya se conserve au moins 12 jours au r\u00e9frig\u00e9rateur.<\/p>\n<p><strong data-start=\"456\" data-end=\"502\">D\u00e9lais de livraison sp\u00e9ciaux pendant les f\u00eates :<\/strong><br data-start=\"502\" data-end=\"505\" \/>Pendant la p\u00e9riode de No\u00ebl et du Nouvel An, nous suspendons les envois. Les commandes seront\u00a0<strong data-start=\"649\" data-end=\"695\">ne seront \u00e0 nouveau livr\u00e9s qu'\u00e0 partir du 6 janvier.<\/strong><\/p>\n\t\t\t\t\t\t<\/p>\n\n\t\t\t\t\t\n\t\t\t\t\t\t\t<\/div>\n\t\t<\/div>\n\t<\/div>\n<\/div>\n<\/div>\n\n\n\n<div class=\"wp-block-columns are-vertically-aligned-bottom icons-with-labels\">\n<div class=\"wp-block-column is-vertically-aligned-bottom\">\n<figure class=\"wp-block-image alignfull size-full\"><img loading=\"lazy\" decoding=\"async\" width=\"239\" height=\"142\" src=\"\/wp-content\/uploads\/2024\/01\/luya.bio-Icon-GanzeHuelsenfruechte.png\" alt=\"\" class=\"wp-image-3113\"\/><figcaption class=\"wp-element-caption\">Entiers <br>L\u00e9gumineuses<\/figcaption><\/figure>\n<\/div>\n\n\n\n<div class=\"wp-block-column is-vertically-aligned-bottom\">\n<figure class=\"wp-block-image alignfull size-full\"><img loading=\"lazy\" decoding=\"async\" width=\"239\" height=\"164\" src=\"\/wp-content\/uploads\/2024\/01\/luya.bio-Icon-OhneZusatzstoffe.png\" alt=\"\" class=\"wp-image-3116\"\/><figcaption class=\"wp-element-caption\">Sans <br>Additifs<\/figcaption><\/figure>\n<\/div>\n\n\n\n<div class=\"wp-block-column is-vertically-aligned-bottom\">\n<figure class=\"wp-block-image alignfull size-full\"><img loading=\"lazy\" decoding=\"async\" width=\"239\" height=\"142\" src=\"\/wp-content\/uploads\/2024\/01\/luya.bio-Icon-Fermentiert.png\" alt=\"\" class=\"wp-image-3110\"\/><figcaption class=\"wp-element-caption\">Naturellement <br>ferment\u00e9<\/figcaption><\/figure>\n<\/div>\n\n\n\n<div class=\"wp-block-column is-vertically-aligned-bottom\">\n<figure class=\"wp-block-image alignfull size-full\"><img loading=\"lazy\" decoding=\"async\" width=\"239\" height=\"142\" src=\"\/wp-content\/uploads\/2024\/01\/luya.bio-Icon-SchweizerBio.png\" alt=\"\" class=\"wp-image-3122\"\/><figcaption class=\"wp-element-caption\">100 % <br>Bio suisse<\/figcaption><\/figure>\n<\/div>\n\n\n\n<div class=\"wp-block-column is-vertically-aligned-bottom\">\n<figure class=\"wp-block-image alignfull size-full\"><img loading=\"lazy\" decoding=\"async\" width=\"239\" height=\"165\" src=\"\/wp-content\/uploads\/2024\/01\/luya.bio-Icon-Plantbased.png\" alt=\"\" class=\"wp-image-3119\"\/><figcaption class=\"wp-element-caption\">100 % <br>Plant-based<\/figcaption><\/figure>\n<\/div>\n\n\n\n<div class=\"wp-block-column is-vertically-aligned-bottom\">\n<figure class=\"wp-block-image alignfull size-full\"><img loading=\"lazy\" decoding=\"async\" width=\"239\" height=\"165\" src=\"\/wp-content\/uploads\/2024\/01\/luya.bio-Icon-VielseitigKreativ.png\" alt=\"\" class=\"wp-image-3125\"\/><figcaption class=\"wp-element-caption\">Polyvalent &amp; <br>cr\u00e9atif<\/figcaption><\/figure>\n<\/div>\n<\/div>","protected":false},"excerpt":{"rendered":"<p>Luya bio \u00e9minc\u00e9 dans une sauce \u00e9pic\u00e9e <br \/>marinade Teriyaki, <strong>400g<\/strong><\/p>","protected":false},"featured_media":3725,"comment_status":"open","ping_status":"closed","template":"","meta":{"_acf_changed":true},"product_brand":[],"product_cat":[16],"product_tag":[],"class_list":{"0":"post-4225","1":"product","2":"type-product","3":"status-publish","4":"has-post-thumbnail","6":"product_cat-produkte","7":"product_shipping_class-standard-versand","9":"first","10":"instock","11":"taxable","12":"shipping-taxable","13":"product-type-external"},"acf":[],"_links":{"self":[{"href":"https:\/\/luya.bio\/fr\/wp-json\/wp\/v2\/product\/4225","targetHints":{"allow":["GET"]}}],"collection":[{"href":"https:\/\/luya.bio\/fr\/wp-json\/wp\/v2\/product"}],"about":[{"href":"https:\/\/luya.bio\/fr\/wp-json\/wp\/v2\/types\/product"}],"replies":[{"embeddable":true,"href":"https:\/\/luya.bio\/fr\/wp-json\/wp\/v2\/comments?post=4225"}],"wp:featuredmedia":[{"embeddable":true,"href":"https:\/\/luya.bio\/fr\/wp-json\/wp\/v2\/media\/3725"}],"wp:attachment":[{"href":"https:\/\/luya.bio\/fr\/wp-json\/wp\/v2\/media?parent=4225"}],"wp:term":[{"taxonomy":"product_brand","embeddable":true,"href":"https:\/\/luya.bio\/fr\/wp-json\/wp\/v2\/product_brand?post=4225"},{"taxonomy":"product_cat","embeddable":true,"href":"https:\/\/luya.bio\/fr\/wp-json\/wp\/v2\/product_cat?post=4225"},{"taxonomy":"product_tag","embeddable":true,"href":"https:\/\/luya.bio\/fr\/wp-json\/wp\/v2\/product_tag?post=4225"}],"curies":[{"name":"wp","href":"https:\/\/api.w.org\/{rel}","templated":true}]}}