{"id":5862,"date":"2025-03-23T12:45:45","date_gmt":"2025-03-23T11:45:45","guid":{"rendered":"https:\/\/luya.bio\/?page_id=5862"},"modified":"2025-03-23T12:51:13","modified_gmt":"2025-03-23T11:51:13","slug":"actualites","status":"publish","type":"page","link":"https:\/\/luya.bio\/fr\/neuigkeiten\/","title":{"rendered":"Actualit\u00e9s"},"content":{"rendered":"<div class=\"wp-block-cover alignfull\"><span aria-hidden=\"true\" class=\"wp-block-cover__background has-background-dim\"><\/span><img loading=\"lazy\" decoding=\"async\" width=\"2560\" height=\"1706\" class=\"wp-block-cover__image-background wp-image-3144\" alt=\"\" src=\"\/wp-content\/uploads\/2024\/01\/luya.bio-2023-11-27-Luya66209-Vollformat-scaled.jpg\" data-object-fit=\"cover\" srcset=\"\" sizes=\"auto, (max-width: 2560px) 100vw, 2560px\" data-srcset=\"\" \/><div class=\"wp-block-cover__inner-container\">\n<p class=\"has-text-align-center has-large-font-size\"><\/p>\n<\/div><\/div>\n\n\n\n<div class=\"wp-block-group recipes-intro\">\n<div class=\"wp-block-group\"><h2 class=\"wp-block-post-title has-headline-font-size\">Actualit\u00e9s<\/h2>\n\n\n<p><\/p>\n\n\n\n<p>Qu'il s'agisse de pr\u00e9sentations de produits, d'\u00e9v\u00e9nements ou d'autres nouveaut\u00e9s, nous te tenons au courant ici. Reste inform\u00e9 et fais partie de notre r\u00e9volution Good Food !<\/p>\n<\/div>\n<\/div>\n\n\n<div class='recipe-posts'>\n\t\t\t\t<div class='inner-content'><div class=\"recipe-item\">\n\t<figure class=\"image\">\n\t\t<a href=\"https:\/\/luya.bio\/fr\/news\/peta-vegan-award\/\" rel=\"bookmark\">\n\t\t\t<img loading=\"lazy\" decoding=\"async\" width=\"930\" height=\"930\" src=\"https:\/\/luya.bio\/wp-content\/uploads\/2025\/01\/luya.bio-peta-award-2-1024x1024.png\" class=\"attachment-large size-large wp-post-image\" alt=\"\" srcset=\"https:\/\/luya.bio\/wp-content\/uploads\/2025\/01\/luya.bio-peta-award-2-1024x1024.png 1024w, https:\/\/luya.bio\/wp-content\/uploads\/2025\/01\/luya.bio-peta-award-2-300x300.png 300w, https:\/\/luya.bio\/wp-content\/uploads\/2025\/01\/luya.bio-peta-award-2-150x150.png 150w, https:\/\/luya.bio\/wp-content\/uploads\/2025\/01\/luya.bio-peta-award-2-768x768.png 768w, https:\/\/luya.bio\/wp-content\/uploads\/2025\/01\/luya.bio-peta-award-2-1536x1536.png 1536w, https:\/\/luya.bio\/wp-content\/uploads\/2025\/01\/luya.bio-peta-award-2-2048x2048.png 2048w, https:\/\/luya.bio\/wp-content\/uploads\/2025\/01\/luya.bio-peta-award-2-280x280.png 280w, https:\/\/luya.bio\/wp-content\/uploads\/2025\/01\/luya.bio-peta-award-2-530x530.png 530w, https:\/\/luya.bio\/wp-content\/uploads\/2025\/01\/luya.bio-peta-award-2-780x780.png 780w, https:\/\/luya.bio\/wp-content\/uploads\/2025\/01\/luya.bio-peta-award-2-597x597.png 597w, https:\/\/luya.bio\/wp-content\/uploads\/2025\/01\/luya.bio-peta-award-2-100x100.png 100w\" sizes=\"auto, (max-width: 930px) 100vw, 930px\" \/>\t\t<\/a>\n\t<\/figure>\n\t<div class=\"recipe-heading\">\n\t\t<h3 class=\"title\">\n\t\t\t<a href=\"https:\/\/luya.bio\/fr\/news\/peta-vegan-award\/\" rel=\"bookmark\">\n\t\t\t\tLuya remporte le PETA Vegan Award\ud83c\udf89\t\t\t<\/a>\n\t\t<\/h3>\n\t\t<p class=\"author vcard\">\n\t\t\tde Nora Egli\t\t<\/p>\n\t\t<ul class=\"recipes-infos\">\n\t\t\t<li class=\"first\">\n\t\t\t\t<span class=\"label\">Date<\/span>\n\t\t\t\t<span class=\"value\">\n\t\t\t\t\t15 janvier 2025\t\t\t\t<\/span>\n\t\t\t\t\t\t\t\t\t|\n\t\t\t\t\t<span class=\"label\">Cat\u00e9gorie :<\/span>\n\t\t\t\t\t<span class=\"value\">\n\t\t\t\t\t\tNouvelles\t\t\t\t\t<\/span>\n\t\t\t\t\t\t\t<\/li>\n\t\t\t<li class=\"last\">\n\t\t\t\t\t\t\t<\/li>\n\t\t<\/ul>\n\t<\/div>\n<\/div><div class=\"recipe-item\">\n\t<figure class=\"image\">\n\t\t<a href=\"https:\/\/luya.bio\/fr\/news\/neu-ueber-80-coop-filialen\/\" rel=\"bookmark\">\n\t\t\t<img loading=\"lazy\" decoding=\"async\" width=\"930\" height=\"973\" src=\"https:\/\/luya.bio\/wp-content\/uploads\/2024\/07\/luya.bio-26-luya.bio-Luya-Mockup-SuperCrispy-freigestellt-mitIllustrationen-neu-979x1024.png\" class=\"attachment-large size-large wp-post-image\" alt=\"\" srcset=\"https:\/\/luya.bio\/wp-content\/uploads\/2024\/07\/luya.bio-26-luya.bio-Luya-Mockup-SuperCrispy-freigestellt-mitIllustrationen-neu-979x1024.png 979w, https:\/\/luya.bio\/wp-content\/uploads\/2024\/07\/luya.bio-26-luya.bio-Luya-Mockup-SuperCrispy-freigestellt-mitIllustrationen-neu-287x300.png 287w, https:\/\/luya.bio\/wp-content\/uploads\/2024\/07\/luya.bio-26-luya.bio-Luya-Mockup-SuperCrispy-freigestellt-mitIllustrationen-neu-768x803.png 768w, https:\/\/luya.bio\/wp-content\/uploads\/2024\/07\/luya.bio-26-luya.bio-Luya-Mockup-SuperCrispy-freigestellt-mitIllustrationen-neu-268x280.png 268w, https:\/\/luya.bio\/wp-content\/uploads\/2024\/07\/luya.bio-26-luya.bio-Luya-Mockup-SuperCrispy-freigestellt-mitIllustrationen-neu-530x554.png 530w, https:\/\/luya.bio\/wp-content\/uploads\/2024\/07\/luya.bio-26-luya.bio-Luya-Mockup-SuperCrispy-freigestellt-mitIllustrationen-neu-780x816.png 780w, https:\/\/luya.bio\/wp-content\/uploads\/2024\/07\/luya.bio-26-luya.bio-Luya-Mockup-SuperCrispy-freigestellt-mitIllustrationen-neu-597x624.png 597w, https:\/\/luya.bio\/wp-content\/uploads\/2024\/07\/luya.bio-26-luya.bio-Luya-Mockup-SuperCrispy-freigestellt-mitIllustrationen-neu.png 1400w\" sizes=\"auto, (max-width: 930px) 100vw, 930px\" \/>\t\t<\/a>\n\t<\/figure>\n\t<div class=\"recipe-heading\">\n\t\t<h3 class=\"title\">\n\t\t\t<a href=\"https:\/\/luya.bio\/fr\/news\/neu-ueber-80-coop-filialen\/\" rel=\"bookmark\">\n\t\t\t\tNouveau : \u00e0 partir d'avril dans plus de 80 magasins Coop !\t\t\t<\/a>\n\t\t<\/h3>\n\t\t<p class=\"author vcard\">\n\t\t\tde Nora Egli\t\t<\/p>\n\t\t<ul class=\"recipes-infos\">\n\t\t\t<li class=\"first\">\n\t\t\t\t<span class=\"label\">Date<\/span>\n\t\t\t\t<span class=\"value\">\n\t\t\t\t\t23 mars 2025\t\t\t\t<\/span>\n\t\t\t\t\t\t\t\t\t|\n\t\t\t\t\t<span class=\"label\">Cat\u00e9gorie :<\/span>\n\t\t\t\t\t<span class=\"value\">\n\t\t\t\t\t\tPr\u00e9sentation des produits, nouveaut\u00e9s\t\t\t\t\t<\/span>\n\t\t\t\t\t\t\t<\/li>\n\t\t\t<li class=\"last\">\n\t\t\t\t\t\t\t<\/li>\n\t\t<\/ul>\n\t<\/div>\n<\/div><div class=\"recipe-item\">\n\t<figure class=\"image\">\n\t\t<a href=\"https:\/\/luya.bio\/fr\/news\/luya-team-an-der-tortour\/\" rel=\"bookmark\">\n\t\t\t<img loading=\"lazy\" decoding=\"async\" width=\"819\" height=\"1024\" src=\"https:\/\/luya.bio\/wp-content\/uploads\/2025\/03\/luya.bio-Instagram-Post-819x1024.png\" class=\"attachment-large size-large wp-post-image\" alt=\"\" srcset=\"https:\/\/luya.bio\/wp-content\/uploads\/2025\/03\/luya.bio-Instagram-Post-819x1024.png 819w, https:\/\/luya.bio\/wp-content\/uploads\/2025\/03\/luya.bio-Instagram-Post-240x300.png 240w, https:\/\/luya.bio\/wp-content\/uploads\/2025\/03\/luya.bio-Instagram-Post-768x960.png 768w, https:\/\/luya.bio\/wp-content\/uploads\/2025\/03\/luya.bio-Instagram-Post-224x280.png 224w, https:\/\/luya.bio\/wp-content\/uploads\/2025\/03\/luya.bio-Instagram-Post-530x663.png 530w, https:\/\/luya.bio\/wp-content\/uploads\/2025\/03\/luya.bio-Instagram-Post-780x975.png 780w, https:\/\/luya.bio\/wp-content\/uploads\/2025\/03\/luya.bio-Instagram-Post-597x746.png 597w, https:\/\/luya.bio\/wp-content\/uploads\/2025\/03\/luya.bio-Instagram-Post.png 1080w\" sizes=\"auto, (max-width: 819px) 100vw, 819px\" \/>\t\t<\/a>\n\t<\/figure>\n\t<div class=\"recipe-heading\">\n\t\t<h3 class=\"title\">\n\t\t\t<a href=\"https:\/\/luya.bio\/fr\/news\/luya-team-an-der-tortour\/\" rel=\"bookmark\">\n\t\t\t\tL'\u00e9quipe de Luya au TORTOUR\t\t\t<\/a>\n\t\t<\/h3>\n\t\t<p class=\"author vcard\">\n\t\t\tde Nora Egli\t\t<\/p>\n\t\t<ul class=\"recipes-infos\">\n\t\t\t<li class=\"first\">\n\t\t\t\t<span class=\"label\">Date<\/span>\n\t\t\t\t<span class=\"value\">\n\t\t\t\t\t13 f\u00e9vrier 2025\t\t\t\t<\/span>\n\t\t\t\t\t\t\t\t\t|\n\t\t\t\t\t<span class=\"label\">Cat\u00e9gorie :<\/span>\n\t\t\t\t\t<span class=\"value\">\n\t\t\t\t\t\t\u00c9v\u00e9nements\t\t\t\t\t<\/span>\n\t\t\t\t\t\t\t<\/li>\n\t\t\t<li class=\"last\">\n\t\t\t\t\t\t\t<\/li>\n\t\t<\/ul>\n\t<\/div>\n<\/div><div class=\"recipe-item\">\n\t<figure class=\"image\">\n\t\t<a href=\"https:\/\/luya.bio\/fr\/news\/guelsha-liebt-luya\/\" rel=\"bookmark\">\n\t\t\t<img loading=\"lazy\" decoding=\"async\" width=\"728\" height=\"1024\" src=\"https:\/\/luya.bio\/wp-content\/uploads\/2024\/10\/luya.bio-Still-2024-09-22-195605-1.16.1-e1743435545572-728x1024.png\" class=\"attachment-large size-large wp-post-image\" alt=\"\" srcset=\"https:\/\/luya.bio\/wp-content\/uploads\/2024\/10\/luya.bio-Still-2024-09-22-195605-1.16.1-e1743435545572-728x1024.png 728w, https:\/\/luya.bio\/wp-content\/uploads\/2024\/10\/luya.bio-Still-2024-09-22-195605-1.16.1-e1743435545572-213x300.png 213w, https:\/\/luya.bio\/wp-content\/uploads\/2024\/10\/luya.bio-Still-2024-09-22-195605-1.16.1-e1743435545572-768x1081.png 768w, https:\/\/luya.bio\/wp-content\/uploads\/2024\/10\/luya.bio-Still-2024-09-22-195605-1.16.1-e1743435545572-1091x1536.png 1091w, https:\/\/luya.bio\/wp-content\/uploads\/2024\/10\/luya.bio-Still-2024-09-22-195605-1.16.1-e1743435545572-1455x2048.png 1455w, https:\/\/luya.bio\/wp-content\/uploads\/2024\/10\/luya.bio-Still-2024-09-22-195605-1.16.1-e1743435545572-199x280.png 199w, https:\/\/luya.bio\/wp-content\/uploads\/2024\/10\/luya.bio-Still-2024-09-22-195605-1.16.1-e1743435545572-530x746.png 530w, https:\/\/luya.bio\/wp-content\/uploads\/2024\/10\/luya.bio-Still-2024-09-22-195605-1.16.1-e1743435545572-780x1098.png 780w, https:\/\/luya.bio\/wp-content\/uploads\/2024\/10\/luya.bio-Still-2024-09-22-195605-1.16.1-e1743435545572-597x840.png 597w\" sizes=\"auto, (max-width: 728px) 100vw, 728px\" \/>\t\t<\/a>\n\t<\/figure>\n\t<div class=\"recipe-heading\">\n\t\t<h3 class=\"title\">\n\t\t\t<a href=\"https:\/\/luya.bio\/fr\/news\/guelsha-liebt-luya\/\" rel=\"bookmark\">\n\t\t\t\tG\u00fclsha aime Luya\t\t\t<\/a>\n\t\t<\/h3>\n\t\t<p class=\"author vcard\">\n\t\t\tde Michelle Grieder\t\t<\/p>\n\t\t<ul class=\"recipes-infos\">\n\t\t\t<li class=\"first\">\n\t\t\t\t<span class=\"label\">Date<\/span>\n\t\t\t\t<span class=\"value\">\n\t\t\t\t\t12 septembre 2024\t\t\t\t<\/span>\n\t\t\t\t\t\t\t\t\t|\n\t\t\t\t\t<span class=\"label\">Cat\u00e9gorie :<\/span>\n\t\t\t\t\t<span class=\"value\">\n\t\t\t\t\t\tPr\u00e9sentation du produit\t\t\t\t\t<\/span>\n\t\t\t\t\t\t\t<\/li>\n\t\t\t<li class=\"last\">\n\t\t\t\t\t\t\t<\/li>\n\t\t<\/ul>\n\t<\/div>\n<\/div><\/div>\n\t\t\t<\/div>\n\n\n\n<p><\/p>","protected":false},"excerpt":{"rendered":"<p>Ob Produktvorstellungen, Events oder sonstige Neuigkeiten, hier halten wir dich auf dem Laufenden. Bleib informiert und werde ein Teil unserer&#8230; <\/p>","protected":false},"author":31,"featured_media":0,"parent":0,"menu_order":0,"comment_status":"closed","ping_status":"closed","template":"","meta":{"_acf_changed":false,"footnotes":""},"class_list":["post-5862","page","type-page","status-publish","hentry"],"acf":[],"_links":{"self":[{"href":"https:\/\/luya.bio\/fr\/wp-json\/wp\/v2\/pages\/5862","targetHints":{"allow":["GET"]}}],"collection":[{"href":"https:\/\/luya.bio\/fr\/wp-json\/wp\/v2\/pages"}],"about":[{"href":"https:\/\/luya.bio\/fr\/wp-json\/wp\/v2\/types\/page"}],"author":[{"embeddable":true,"href":"https:\/\/luya.bio\/fr\/wp-json\/wp\/v2\/users\/31"}],"replies":[{"embeddable":true,"href":"https:\/\/luya.bio\/fr\/wp-json\/wp\/v2\/comments?post=5862"}],"version-history":[{"count":3,"href":"https:\/\/luya.bio\/fr\/wp-json\/wp\/v2\/pages\/5862\/revisions"}],"predecessor-version":[{"id":5870,"href":"https:\/\/luya.bio\/fr\/wp-json\/wp\/v2\/pages\/5862\/revisions\/5870"}],"wp:attachment":[{"href":"https:\/\/luya.bio\/fr\/wp-json\/wp\/v2\/media?parent=5862"}],"curies":[{"name":"wp","href":"https:\/\/api.w.org\/{rel}","templated":true}]}}