{"id":5707,"date":"2025-03-03T14:56:49","date_gmt":"2025-03-03T13:56:49","guid":{"rendered":"https:\/\/luya.bio\/?page_id=5707"},"modified":"2025-03-15T12:53:35","modified_gmt":"2025-03-15T11:53:35","slug":"portraits","status":"publish","type":"page","link":"https:\/\/luya.bio\/fr\/portraets\/","title":{"rendered":"Portraits"},"content":{"rendered":"<h2 class=\"wp-block-heading\">Les entreprises de restauration donnent un aper\u00e7u<\/h2>\n\n\n\n<p>Nous avons rendu visite \u00e0 trois acteurs diff\u00e9rents de la restauration. Dans les vid\u00e9os, on voit \u00e0 quel point Luya peut \u00eatre utilis\u00e9 de diff\u00e9rentes mani\u00e8res et donner naissance \u00e0 des menus d\u00e9licieux et cr\u00e9atifs. C'\u00e9tait un plaisir de voir comment Luya est utilis\u00e9 dans la restauration.<\/p>\n\n\n\n<h4 class=\"wp-block-heading\">Luya dans Tasted<\/h4>\n\n\n\n<figure class=\"wp-block-embed is-type-video is-provider-vimeo wp-block-embed-vimeo wp-embed-aspect-16-9 wp-has-aspect-ratio\"><div class=\"wp-block-embed__wrapper\">\n<iframe loading=\"lazy\" title=\"Luya dans Tasted\" src=\"https:\/\/player.vimeo.com\/video\/1057795747?dnt=1&amp;app_id=122963\" width=\"930\" height=\"523\" frameborder=\"0\" allow=\"autoplay; fullscreen; picture-in-picture; clipboard-write; encrypted-media\"><\/iframe>\n<\/div><\/figure>\n\n\n\n<div style=\"height:100px\" aria-hidden=\"true\" class=\"wp-block-spacer\"><\/div>\n\n\n\n<h2 class=\"wp-block-heading\">Luya \u00e0 l'auberge de campagne Hirsere<\/h2>\n\n\n\n<figure class=\"wp-block-embed is-type-video is-provider-vimeo wp-block-embed-vimeo wp-embed-aspect-16-9 wp-has-aspect-ratio\"><div class=\"wp-block-embed__wrapper\">\n<iframe loading=\"lazy\" title=\"Luya \u00e0 l&#039;auberge de campagne Hirsere\" src=\"https:\/\/player.vimeo.com\/video\/1057795623?dnt=1&amp;app_id=122963\" width=\"930\" height=\"523\" frameborder=\"0\" allow=\"autoplay; fullscreen; picture-in-picture; clipboard-write; encrypted-media\"><\/iframe>\n<\/div><\/figure>\n\n\n\n<div style=\"height:100px\" aria-hidden=\"true\" class=\"wp-block-spacer\"><\/div>\n\n\n\n<h2 class=\"wp-block-heading\">Luya \u00e0 l'h\u00f4pital de la ville de Triemli<\/h2>\n\n\n\n<figure class=\"wp-block-embed is-type-video is-provider-vimeo wp-block-embed-vimeo wp-embed-aspect-16-9 wp-has-aspect-ratio\"><div class=\"wp-block-embed__wrapper\">\n<iframe loading=\"lazy\" title=\"Luya \u00e0 l&#039;h\u00f4pital municipal de Triemli\" src=\"https:\/\/player.vimeo.com\/video\/1057795917?dnt=1&amp;app_id=122963\" width=\"930\" height=\"523\" frameborder=\"0\" allow=\"autoplay; fullscreen; picture-in-picture; clipboard-write; encrypted-media\"><\/iframe>\n<\/div><\/figure>","protected":false},"excerpt":{"rendered":"<p>Gastrobetriebe geben Einblick Wir waren bei drei unterschiedlichen Gastro-Playern zu Besuch. In den Videos sieht man, wie vielf\u00e4ltig Luya eingesetzt&#8230; <\/p>","protected":false},"author":31,"featured_media":5763,"parent":0,"menu_order":0,"comment_status":"closed","ping_status":"closed","template":"","meta":{"_acf_changed":false,"footnotes":""},"class_list":["post-5707","page","type-page","status-publish","has-post-thumbnail","hentry"],"acf":[],"_links":{"self":[{"href":"https:\/\/luya.bio\/fr\/wp-json\/wp\/v2\/pages\/5707","targetHints":{"allow":["GET"]}}],"collection":[{"href":"https:\/\/luya.bio\/fr\/wp-json\/wp\/v2\/pages"}],"about":[{"href":"https:\/\/luya.bio\/fr\/wp-json\/wp\/v2\/types\/page"}],"author":[{"embeddable":true,"href":"https:\/\/luya.bio\/fr\/wp-json\/wp\/v2\/users\/31"}],"replies":[{"embeddable":true,"href":"https:\/\/luya.bio\/fr\/wp-json\/wp\/v2\/comments?post=5707"}],"version-history":[{"count":6,"href":"https:\/\/luya.bio\/fr\/wp-json\/wp\/v2\/pages\/5707\/revisions"}],"predecessor-version":[{"id":5781,"href":"https:\/\/luya.bio\/fr\/wp-json\/wp\/v2\/pages\/5707\/revisions\/5781"}],"wp:featuredmedia":[{"embeddable":true,"href":"https:\/\/luya.bio\/fr\/wp-json\/wp\/v2\/media\/5763"}],"wp:attachment":[{"href":"https:\/\/luya.bio\/fr\/wp-json\/wp\/v2\/media?parent=5707"}],"curies":[{"name":"wp","href":"https:\/\/api.w.org\/{rel}","templated":true}]}}