{"id":5282,"date":"2024-09-26T08:09:44","date_gmt":"2024-09-26T06:09:44","guid":{"rendered":"https:\/\/luya.bio\/?page_id=5282"},"modified":"2025-01-30T09:59:20","modified_gmt":"2025-01-30T08:59:20","slug":"presse","status":"publish","type":"page","link":"https:\/\/luya.bio\/fr\/presse\/","title":{"rendered":"Presse"},"content":{"rendered":"<div class=\"wp-block-cover alignfull\"><span aria-hidden=\"true\" class=\"wp-block-cover__background has-background-dim\"><\/span><img loading=\"lazy\" decoding=\"async\" width=\"2560\" height=\"1706\" class=\"wp-block-cover__image-background wp-image-3529\" alt=\"\" src=\"\/wp-content\/uploads\/2024\/02\/luya.bio-2023-11-27-Luya66707-Vollformat-scaled.jpg\" data-object-fit=\"cover\" srcset=\"https:\/\/luya.bio\/wp-content\/uploads\/2024\/02\/luya.bio-2023-11-27-Luya66707-Vollformat-scaled.jpg 2560w, https:\/\/luya.bio\/wp-content\/uploads\/2024\/02\/luya.bio-2023-11-27-Luya66707-Vollformat-scaled-780x520.jpg 780w, https:\/\/luya.bio\/wp-content\/uploads\/2024\/02\/luya.bio-2023-11-27-Luya66707-Vollformat-scaled-597x398.jpg 597w, https:\/\/luya.bio\/wp-content\/uploads\/2024\/02\/luya.bio-2023-11-27-Luya66707-Vollformat-300x200.jpg 300w, https:\/\/luya.bio\/wp-content\/uploads\/2024\/02\/luya.bio-2023-11-27-Luya66707-Vollformat-1024x683.jpg 1024w, https:\/\/luya.bio\/wp-content\/uploads\/2024\/02\/luya.bio-2023-11-27-Luya66707-Vollformat-768x512.jpg 768w, https:\/\/luya.bio\/wp-content\/uploads\/2024\/02\/luya.bio-2023-11-27-Luya66707-Vollformat-1536x1024.jpg 1536w, https:\/\/luya.bio\/wp-content\/uploads\/2024\/02\/luya.bio-2023-11-27-Luya66707-Vollformat-2048x1365.jpg 2048w, https:\/\/luya.bio\/wp-content\/uploads\/2024\/02\/luya.bio-2023-11-27-Luya66707-Vollformat-420x280.jpg 420w, https:\/\/luya.bio\/wp-content\/uploads\/2024\/02\/luya.bio-2023-11-27-Luya66707-Vollformat-530x353.jpg 530w\" sizes=\"auto, (max-width: 2560px) 100vw, 2560px\" \/><div class=\"wp-block-cover__inner-container\">\n<p class=\"has-text-align-center has-large-font-size\"><\/p>\n<\/div><\/div>\n\n\n\n<div class=\"wp-block-columns buttons-with-fixed-with\">\n<div class=\"wp-block-column\">\n<h2 class=\"wp-block-heading\">Demandes de presse<\/h2>\n\n\n\n<p>Tu as des questions sur Luya ou sur nos produits ? Alors \u00e9cris-nous ! Nous r\u00e9pondrons volontiers \u00e0 tes questions.<\/p>\n\n\n\n<div class=\"wp-block-buttons vertical stretch\">\n<div class=\"wp-block-button\"><a class=\"wp-block-button__link wp-element-button\" href=\"mailto:presse@luya.bio\">Demande de presse<\/a><\/div>\n<\/div>\n<\/div>\n\n\n\n<div class=\"wp-block-column\" style=\"flex-basis:16.67%\"><\/div>\n\n\n\n<div class=\"wp-block-column\">\n<p><\/p>\n\n\n\n<h2 class=\"wp-block-heading has-headline-small-font-size\"><strong>Communiqu\u00e9s de presse<\/strong><\/h2>\n\n\n\n<ul class=\"wp-block-list\">\n<li>- <a href=\"\/wp-content\/uploads\/2025\/01\/luya.bio-Medienmitteilung-Luya-PETA-Award-2025.pdf\">FR Communiqu\u00e9 de presse, 30 janvier 2025 - Luya remporte le PETA Award 2025<\/a><\/li>\n\n\n\n<li>- <a href=\"\/wp-content\/uploads\/2024\/09\/luya.bio-20240926-Pressrelease-Luya-Finanzierungsrunde-DE.pdf\">FR Communiqu\u00e9 de presse, 26 septembre 2024 - Tour de financement s\u00e9rie A Capital 5 millions<\/a><\/li>\n\n\n\n<li>- <a href=\"\/wp-content\/uploads\/2024\/09\/luya.bio-20240926-Pressrelease-Luya-Funding-SerieA-EN.pdf\">EN Communiqu\u00e9 de presse, 26 septembre 2024 - CHF 5 millions en financement de s\u00e9rie A<\/a><\/li>\n\n\n\n<li>- <a href=\"\/wp-content\/uploads\/2024\/09\/luya.bio-20240904-Pressrelease-Luya-CoopLaunch-DE.pdf\">Communiqu\u00e9 de presse, 4 septembre 2024 - Lancement de Coop Suisse al\u00e9manique<\/a><\/li>\n<\/ul>\n\n\n\n<p><\/p>\n\n\n\n<p><\/p>\n\n\n\n<h2 class=\"wp-block-heading has-headline-small-font-size\"><strong>Luya dans les m\u00e9dias<\/strong><\/h2>\n\n\n\n<ul class=\"wp-block-list\">\n<li>- <a href=\"https:\/\/www.startupticker.ch\/en\/news\/luya-sichert-sich-5-millionen-fuer-eu-expansion\" target=\"_blank\" rel=\"noopener\">Luya s'assure 5 millions pour son expansion dans l'UE, startupticker.ch, 26.09.2024<\/a><\/li>\n\n\n\n<li>- <a href=\"https:\/\/be-advanced.ch\/stories\/details\/luya-lanciert-vegane-super-crispy-bio-nuggets\" target=\"_blank\" rel=\"noopener\">Luya lance les Super Crispy Bio Nuggets chez Coop, be advanced, 04.09.2024<\/a><\/li>\n\n\n\n<li>- <a href=\"https:\/\/www.handelszeitung.ch\/specials\/the-spirit-of-bern-2023\/die-besseresser-aus-bern-634797\" target=\"_blank\" rel=\"noopener\">Les meilleurs de Berne, Handelszeitung, 07.09.2023<\/a><\/li>\n\n\n\n<li>- <a href=\"https:\/\/www.persoenlich.com\/kategorie-werbung\/mehr-als-ein-fleisch-imitat\" target=\"_blank\" rel=\"noopener\">Plus qu'une imitation de viande, persoenlich.com, 28.11.2022<\/a><\/li>\n\n\n\n<li>- <a href=\"https:\/\/www.handelszeitung.ch\/podcasts\/upbeat\/luya-dieses-startup-arbeitet-an-einem-ersatz-fur-fleisch-383983\" target=\"_blank\" rel=\"noopener\">Id\u00e9e d'entreprise Luya, Handelszeitung, 09.06.2022<\/a><\/li>\n\n\n\n<li>- <a href=\"https:\/\/bellevue.nzz.ch\/kochen-geniessen\/luya-pflanzliche-fleischalternativen-aus-okara-ld.1696258\" target=\"_blank\" rel=\"noopener\">Luya montre avec Okara comment l'upcycling est possible dans l'industrie alimentaire, Bellevue NZZ, 18.08.2022<\/a><\/li>\n<\/ul>\n<\/div>\n<\/div>","protected":false},"excerpt":{"rendered":"<p>Presseanfragen Du hast Fragen zu Luya oder unseren Produkten? Dann schreib uns! Gerne beantworten wir deine Fragen. Pressemitteilungen Luya in&#8230; <\/p>","protected":false},"author":58,"featured_media":3537,"parent":0,"menu_order":0,"comment_status":"closed","ping_status":"closed","template":"","meta":{"_acf_changed":false,"footnotes":""},"class_list":["post-5282","page","type-page","status-publish","has-post-thumbnail","hentry"],"acf":[],"_links":{"self":[{"href":"https:\/\/luya.bio\/fr\/wp-json\/wp\/v2\/pages\/5282","targetHints":{"allow":["GET"]}}],"collection":[{"href":"https:\/\/luya.bio\/fr\/wp-json\/wp\/v2\/pages"}],"about":[{"href":"https:\/\/luya.bio\/fr\/wp-json\/wp\/v2\/types\/page"}],"author":[{"embeddable":true,"href":"https:\/\/luya.bio\/fr\/wp-json\/wp\/v2\/users\/58"}],"replies":[{"embeddable":true,"href":"https:\/\/luya.bio\/fr\/wp-json\/wp\/v2\/comments?post=5282"}],"version-history":[{"count":33,"href":"https:\/\/luya.bio\/fr\/wp-json\/wp\/v2\/pages\/5282\/revisions"}],"predecessor-version":[{"id":5529,"href":"https:\/\/luya.bio\/fr\/wp-json\/wp\/v2\/pages\/5282\/revisions\/5529"}],"wp:featuredmedia":[{"embeddable":true,"href":"https:\/\/luya.bio\/fr\/wp-json\/wp\/v2\/media\/3537"}],"wp:attachment":[{"href":"https:\/\/luya.bio\/fr\/wp-json\/wp\/v2\/media?parent=5282"}],"curies":[{"name":"wp","href":"https:\/\/api.w.org\/{rel}","templated":true}]}}