{"id":3878,"date":"2024-02-08T10:38:06","date_gmt":"2024-02-08T09:38:06","guid":{"rendered":"https:\/\/luya.bio\/?page_id=3878"},"modified":"2024-09-26T09:44:30","modified_gmt":"2024-09-26T07:44:30","slug":"contact","status":"publish","type":"page","link":"https:\/\/luya.bio\/fr\/kontakt\/","title":{"rendered":"Contact"},"content":{"rendered":"<div class=\"wp-block-cover alignfull\"><span aria-hidden=\"true\" class=\"wp-block-cover__background has-background-dim\"><\/span><img loading=\"lazy\" decoding=\"async\" width=\"2560\" height=\"1814\" class=\"wp-block-cover__image-background wp-image-3183\" alt=\"\" src=\"\/wp-content\/uploads\/2024\/01\/luya.bio-2023-11-27-Luya66313-Vollformat-zentriert-scaled.jpg\" data-object-fit=\"cover\" srcset=\"https:\/\/luya.bio\/wp-content\/uploads\/2024\/01\/luya.bio-2023-11-27-Luya66313-Vollformat-zentriert-scaled.jpg 2560w, https:\/\/luya.bio\/wp-content\/uploads\/2024\/01\/luya.bio-2023-11-27-Luya66313-Vollformat-zentriert-scaled-780x553.jpg 780w, https:\/\/luya.bio\/wp-content\/uploads\/2024\/01\/luya.bio-2023-11-27-Luya66313-Vollformat-zentriert-scaled-597x423.jpg 597w, https:\/\/luya.bio\/wp-content\/uploads\/2024\/01\/luya.bio-2023-11-27-Luya66313-Vollformat-zentriert-300x213.jpg 300w, https:\/\/luya.bio\/wp-content\/uploads\/2024\/01\/luya.bio-2023-11-27-Luya66313-Vollformat-zentriert-1024x725.jpg 1024w, https:\/\/luya.bio\/wp-content\/uploads\/2024\/01\/luya.bio-2023-11-27-Luya66313-Vollformat-zentriert-768x544.jpg 768w, https:\/\/luya.bio\/wp-content\/uploads\/2024\/01\/luya.bio-2023-11-27-Luya66313-Vollformat-zentriert-1536x1088.jpg 1536w, https:\/\/luya.bio\/wp-content\/uploads\/2024\/01\/luya.bio-2023-11-27-Luya66313-Vollformat-zentriert-2048x1451.jpg 2048w, https:\/\/luya.bio\/wp-content\/uploads\/2024\/01\/luya.bio-2023-11-27-Luya66313-Vollformat-zentriert-395x280.jpg 395w, https:\/\/luya.bio\/wp-content\/uploads\/2024\/01\/luya.bio-2023-11-27-Luya66313-Vollformat-zentriert-530x375.jpg 530w\" sizes=\"auto, (max-width: 2560px) 100vw, 2560px\" \/><div class=\"wp-block-cover__inner-container\">\n<p class=\"has-text-align-center has-large-font-size\"><\/p>\n<\/div><\/div>\n\n\n\n<div class=\"wp-block-columns buttons-with-fixed-with\">\n<div class=\"wp-block-column\">\n<h2 class=\"wp-block-heading\">Discours et r\u00e9ponse<\/h2>\n\n\n\n<p>Tu as des questions sur Luya, nos produits ou nos \u00e9v\u00e9nements ? Nous r\u00e9pondons volontiers \u00e0 toutes tes questions.<br>Tu trouveras peut-\u00eatre d\u00e9j\u00e0 la r\u00e9ponse ad\u00e9quate dans notre FAQ.<\/p>\n\n\n\n<div class=\"wp-block-buttons stretch\">\n<div class=\"wp-block-button\"><a class=\"wp-block-button__link wp-element-button\" href=\"https:\/\/luya.bio\/fr\/faq\/\">Notre FAQ<\/a><\/div>\n<\/div>\n<\/div>\n\n\n\n<div class=\"wp-block-column\" style=\"flex-basis:16.67%\"><\/div>\n\n\n\n<div class=\"wp-block-column\">\n<p><\/p>\n\n\n\n<h2 class=\"wp-block-heading has-headline-small-font-size\"><strong>Vous n'en avez pas ?<\/strong><\/h2>\n\n\n\n<p>Nous r\u00e9pondons volontiers \u00e0 toutes tes questions par e-mail.<\/p>\n\n\n\n<div class=\"wp-block-buttons vertical stretch\">\n<div class=\"wp-block-button\"><a class=\"wp-block-button__link wp-element-button\" href=\"mailto:info@luya.bio\">G\u00e9n\u00e9ralit\u00e9s<\/a><\/div>\n\n\n\n<div class=\"wp-block-button\"><a class=\"wp-block-button__link wp-element-button\" href=\"mailto:presse@luya.bio\">Demandes de presse<\/a><\/div>\n\n\n\n<div class=\"wp-block-button\"><a class=\"wp-block-button__link wp-element-button\" href=\"mailto:sales@luya.bio\">Commerce et restauration<\/a><\/div>\n<\/div>\n<\/div>\n<\/div>","protected":false},"excerpt":{"rendered":"<p>Rede &amp; Antwort Du hast Fragen zu Luya, unseren Produkten oder Events? Gerne beantworten wir alle deine Fragen.Vielleicht findest du&#8230; <\/p>","protected":false},"author":31,"featured_media":0,"parent":0,"menu_order":0,"comment_status":"closed","ping_status":"closed","template":"","meta":{"_acf_changed":false,"footnotes":""},"class_list":["post-3878","page","type-page","status-publish","hentry"],"acf":[],"_links":{"self":[{"href":"https:\/\/luya.bio\/fr\/wp-json\/wp\/v2\/pages\/3878","targetHints":{"allow":["GET"]}}],"collection":[{"href":"https:\/\/luya.bio\/fr\/wp-json\/wp\/v2\/pages"}],"about":[{"href":"https:\/\/luya.bio\/fr\/wp-json\/wp\/v2\/types\/page"}],"author":[{"embeddable":true,"href":"https:\/\/luya.bio\/fr\/wp-json\/wp\/v2\/users\/31"}],"replies":[{"embeddable":true,"href":"https:\/\/luya.bio\/fr\/wp-json\/wp\/v2\/comments?post=3878"}],"version-history":[{"count":1,"href":"https:\/\/luya.bio\/fr\/wp-json\/wp\/v2\/pages\/3878\/revisions"}],"predecessor-version":[{"id":3881,"href":"https:\/\/luya.bio\/fr\/wp-json\/wp\/v2\/pages\/3878\/revisions\/3881"}],"wp:attachment":[{"href":"https:\/\/luya.bio\/fr\/wp-json\/wp\/v2\/media?parent=3878"}],"curies":[{"name":"wp","href":"https:\/\/api.w.org\/{rel}","templated":true}]}}