{"id":3862,"date":"2024-02-08T10:31:03","date_gmt":"2024-02-08T09:31:03","guid":{"rendered":"https:\/\/luya.bio\/?page_id=3862"},"modified":"2024-02-08T10:31:04","modified_gmt":"2024-02-08T09:31:04","slug":"paquet-test-gastro","status":"publish","type":"page","link":"https:\/\/luya.bio\/fr\/gastro-testpaket\/","title":{"rendered":"Kit de test gastro"},"content":{"rendered":"<div class=\"wp-block-cover\"><span aria-hidden=\"true\" class=\"wp-block-cover__background has-background-dim-0 has-background-dim\"><\/span><img loading=\"lazy\" decoding=\"async\" width=\"2560\" height=\"1412\" class=\"wp-block-cover__image-background wp-image-3715\" alt=\"\" src=\"\/wp-content\/uploads\/2024\/02\/luya.bio-2023-11-27-Luya66282-zugeschnitten-1-scaled.jpg\" data-object-fit=\"cover\" srcset=\"https:\/\/luya.bio\/wp-content\/uploads\/2024\/02\/luya.bio-2023-11-27-Luya66282-zugeschnitten-1-scaled.jpg 2560w, https:\/\/luya.bio\/wp-content\/uploads\/2024\/02\/luya.bio-2023-11-27-Luya66282-zugeschnitten-1-300x165.jpg 300w, https:\/\/luya.bio\/wp-content\/uploads\/2024\/02\/luya.bio-2023-11-27-Luya66282-zugeschnitten-1-1024x565.jpg 1024w, https:\/\/luya.bio\/wp-content\/uploads\/2024\/02\/luya.bio-2023-11-27-Luya66282-zugeschnitten-1-768x423.jpg 768w, https:\/\/luya.bio\/wp-content\/uploads\/2024\/02\/luya.bio-2023-11-27-Luya66282-zugeschnitten-1-1536x847.jpg 1536w, https:\/\/luya.bio\/wp-content\/uploads\/2024\/02\/luya.bio-2023-11-27-Luya66282-zugeschnitten-1-2048x1129.jpg 2048w, https:\/\/luya.bio\/wp-content\/uploads\/2024\/02\/luya.bio-2023-11-27-Luya66282-zugeschnitten-1-508x280.jpg 508w, https:\/\/luya.bio\/wp-content\/uploads\/2024\/02\/luya.bio-2023-11-27-Luya66282-zugeschnitten-1-530x292.jpg 530w, https:\/\/luya.bio\/wp-content\/uploads\/2024\/02\/luya.bio-2023-11-27-Luya66282-zugeschnitten-1-780x430.jpg 780w, https:\/\/luya.bio\/wp-content\/uploads\/2024\/02\/luya.bio-2023-11-27-Luya66282-zugeschnitten-1-597x329.jpg 597w\" sizes=\"auto, (max-width: 2560px) 100vw, 2560px\" \/><div class=\"wp-block-cover__inner-container\">\n<p class=\"has-text-align-center has-large-font-size\"><\/p>\n<\/div><\/div>\n\n\n\n<div class=\"wp-block-group gastro-probierform\">\n<div class=\"wp-block-columns\">\n<div class=\"wp-block-column\" style=\"flex-basis:25%\"><\/div>\n\n\n\n<div class=\"wp-block-column\" style=\"flex-basis:50%\">\n<h2 class=\"wp-block-heading has-text-align-center\">Bonjour, chef<\/h2>\n\n\n\n<p class=\"has-text-align-center\">Notre paquet de d\u00e9gustation contient une s\u00e9lection de nos produits Nature les plus populaires. Si tu es int\u00e9ress\u00e9(e) par des variantes marin\u00e9es, fais-le nous savoir dans le commentaire ci-dessous ! L'envoi n'est actuellement possible qu'en Suisse et au Lichtenstein.<\/p>\n\n\n\n<div style=\"height:100px\" aria-hidden=\"true\" class=\"wp-block-spacer\"><\/div>\n<\/div>\n\n\n\n<div class=\"wp-block-column\" style=\"flex-basis:25%\"><\/div>\n<\/div>\n\n\n\n<div class=\"wp-block-contact-form-7-contact-form-selector\">\n<div class=\"wpcf7 no-js\" id=\"wpcf7-f811-o1\" lang=\"de-DE\" dir=\"ltr\" data-wpcf7-id=\"811\">\n<div class=\"screen-reader-response\"><p role=\"status\" aria-live=\"polite\" aria-atomic=\"true\"><\/p> <ul><\/ul><\/div>\n<form action=\"\/fr\/wp-json\/wp\/v2\/pages\/3862#wpcf7-f811-o1\" method=\"post\" class=\"wpcf7-form init\" aria-label=\"Contact form\" novalidate=\"novalidate\" data-status=\"init\" data-trp-original-action=\"\/fr\/wp-json\/wp\/v2\/pages\/3862#wpcf7-f811-o1\">\n<fieldset class=\"hidden-fields-container\"><input type=\"hidden\" name=\"_wpcf7\" value=\"811\" \/><input type=\"hidden\" name=\"_wpcf7_version\" value=\"6.1.5\" \/><input type=\"hidden\" name=\"_wpcf7_locale\" value=\"de_DE\" \/><input type=\"hidden\" name=\"_wpcf7_unit_tag\" value=\"wpcf7-f811-o1\" \/><input type=\"hidden\" name=\"_wpcf7_container_post\" value=\"0\" \/><input type=\"hidden\" name=\"_wpcf7_posted_data_hash\" value=\"\" \/>\n<\/fieldset>\n<div class=\"form__field\">\n\t<p><span class=\"wpcf7-form-control-wrap\" data-name=\"customer-restaurant\"><input size=\"40\" maxlength=\"400\" class=\"wpcf7-form-control wpcf7-text wpcf7-validates-as-required form__input\" aria-required=\"true\" aria-invalid=\"false\" placeholder=\"Ton Restaraunt *\" value=\"\" type=\"text\" name=\"customer-restaurant\" \/><\/span>\n\t<\/p>\n<\/div>\n<div class=\"form__field\">\n\t<p><span class=\"wpcf7-form-control-wrap\" data-name=\"customer-first-name\"><input size=\"40\" maxlength=\"400\" class=\"wpcf7-form-control wpcf7-text wpcf7-validates-as-required form__input\" aria-required=\"true\" aria-invalid=\"false\" placeholder=\"Pr\u00e9nom *\" value=\"\" type=\"text\" name=\"customer-first-name\" \/><\/span>\n\t<\/p>\n<\/div>\n<div class=\"form__field\">\n\t<p><span class=\"wpcf7-form-control-wrap\" data-name=\"customer-name\"><input size=\"40\" maxlength=\"400\" class=\"wpcf7-form-control wpcf7-text wpcf7-validates-as-required form__input\" aria-required=\"true\" aria-invalid=\"false\" placeholder=\"Nom *\" value=\"\" type=\"text\" name=\"customer-name\" \/><\/span>\n\t<\/p>\n<\/div>\n<div class=\"form__field\">\n\t<p><span class=\"wpcf7-form-control-wrap\" data-name=\"customer-street\"><input size=\"40\" maxlength=\"400\" class=\"wpcf7-form-control wpcf7-text wpcf7-validates-as-required form__input\" aria-required=\"true\" aria-invalid=\"false\" placeholder=\"Rue *\" value=\"\" type=\"text\" name=\"customer-street\" \/><\/span>\n\t<\/p>\n<\/div>\n<div class=\"form__field\">\n\t<p><span class=\"wpcf7-form-control-wrap\" data-name=\"customer-postal-code\"><input class=\"wpcf7-form-control wpcf7-number wpcf7-validates-as-required wpcf7-validates-as-number form__input\" aria-required=\"true\" aria-invalid=\"false\" placeholder=\"CODE POSTAL *\" value=\"\" type=\"number\" name=\"customer-postal-code\" \/><\/span>\n\t<\/p>\n<\/div>\n<div class=\"form__field\">\n\t<p><span class=\"wpcf7-form-control-wrap\" data-name=\"customer-location\"><input size=\"40\" maxlength=\"400\" class=\"wpcf7-form-control wpcf7-text wpcf7-validates-as-required form__input\" aria-required=\"true\" aria-invalid=\"false\" placeholder=\"Lieu *\" value=\"\" type=\"text\" name=\"customer-location\" \/><\/span>\n\t<\/p>\n<\/div>\n<div class=\"form__field\">\n\t<p><span class=\"wpcf7-form-control-wrap\" data-name=\"customer-email\"><input size=\"40\" maxlength=\"400\" class=\"wpcf7-form-control wpcf7-email wpcf7-validates-as-required wpcf7-text wpcf7-validates-as-email form__input\" aria-required=\"true\" aria-invalid=\"false\" placeholder=\"Email *\" value=\"\" type=\"email\" name=\"customer-email\" \/><\/span>\n\t<\/p>\n<\/div>\n<div class=\"form__field\">\n\t<p><span class=\"wpcf7-form-control-wrap\" data-name=\"customer-phone\"><input size=\"40\" maxlength=\"400\" class=\"wpcf7-form-control wpcf7-tel wpcf7-validates-as-required wpcf7-text wpcf7-validates-as-tel form__input\" aria-required=\"true\" aria-invalid=\"false\" placeholder=\"T\u00e9l\u00e9phone *\" value=\"\" type=\"tel\" name=\"customer-phone\" \/><\/span>\n\t<\/p>\n<\/div>\n<div class=\"form__field\">\n\t<p><span class=\"wpcf7-form-control-wrap\" data-name=\"customer-comment\"><input size=\"40\" maxlength=\"400\" class=\"wpcf7-form-control wpcf7-text wpcf7-validates-as-required form__input\" aria-required=\"true\" aria-invalid=\"false\" placeholder=\"Commentaire *\" value=\"\" type=\"text\" name=\"customer-comment\" \/><\/span>\n\t<\/p>\n<\/div>\n<div class=\"testpaket__form--info\">\n\t<p>En envoyant le formulaire de contact, tu acceptes la <a href=\"https:\/\/luya.bio\/fr\/declaration-de-protection-des-donnees\/\">D\u00e9claration de confidentialit\u00e9<\/a> et le <a href=\"https:\/\/luya.bio\/fr\/conditions-generales-de-vente\/\">Conditions g\u00e9n\u00e9rales de vente<\/a> et de Luya sont d'accord.\n\t<\/p>\n<\/div>\n<div class=\"form__field\">\n\t<p><input class=\"wpcf7-form-control wpcf7-submit has-spinner form__submit btn\" type=\"submit\" value=\"Commander un paquet de d\u00e9gustation\" \/>\n\t<\/p>\n<\/div><div class=\"wpcf7-response-output\" aria-hidden=\"true\"><\/div>\n<input type=\"hidden\" name=\"trp-form-language\" value=\"fr\"\/><\/form>\n<\/div>\n<\/div>\n<\/div>","protected":false},"excerpt":{"rendered":"<p>Hallo Chef Unser Probierpaket enth\u00e4lt eine Auswahl unserer beliebtesten Nature Produkte. Solltest du an marinierten Varianten Interesse haben, lass es&#8230; <\/p>","protected":false},"author":31,"featured_media":0,"parent":0,"menu_order":0,"comment_status":"closed","ping_status":"closed","template":"","meta":{"_acf_changed":false,"footnotes":""},"class_list":["post-3862","page","type-page","status-publish","hentry"],"acf":[],"_links":{"self":[{"href":"https:\/\/luya.bio\/fr\/wp-json\/wp\/v2\/pages\/3862","targetHints":{"allow":["GET"]}}],"collection":[{"href":"https:\/\/luya.bio\/fr\/wp-json\/wp\/v2\/pages"}],"about":[{"href":"https:\/\/luya.bio\/fr\/wp-json\/wp\/v2\/types\/page"}],"author":[{"embeddable":true,"href":"https:\/\/luya.bio\/fr\/wp-json\/wp\/v2\/users\/31"}],"replies":[{"embeddable":true,"href":"https:\/\/luya.bio\/fr\/wp-json\/wp\/v2\/comments?post=3862"}],"version-history":[{"count":1,"href":"https:\/\/luya.bio\/fr\/wp-json\/wp\/v2\/pages\/3862\/revisions"}],"predecessor-version":[{"id":3863,"href":"https:\/\/luya.bio\/fr\/wp-json\/wp\/v2\/pages\/3862\/revisions\/3863"}],"wp:attachment":[{"href":"https:\/\/luya.bio\/fr\/wp-json\/wp\/v2\/media?parent=3862"}],"curies":[{"name":"wp","href":"https:\/\/api.w.org\/{rel}","templated":true}]}}