{"id":3528,"date":"2024-02-02T15:47:34","date_gmt":"2024-02-02T14:47:34","guid":{"rendered":"https:\/\/luya.bio\/?page_id=3528"},"modified":"2025-11-10T13:14:43","modified_gmt":"2025-11-10T12:14:43","slug":"gastronomie","status":"publish","type":"page","link":"https:\/\/luya.bio\/fr\/gastronomie\/","title":{"rendered":"Gastronomie"},"content":{"rendered":"\n<div class=\"wp-block-columns media-text-columns gastro-new\">\n<div class=\"wp-block-column is-vertically-aligned-center\" style=\"flex-basis:41.66%\">\n<h2 class=\"wp-block-heading\">Einfach probieren!<\/h2>\n\n\n\n<p>Du suchst nach einem veganen Upgrade f\u00fcr dein Men\u00fc? Anders als hochverarbeitete Fleischimitate basiert Luya auf ganzen Bio-H\u00fclsenfr\u00fcchten, die ohne k\u00fcnstliche Zus\u00e4tze nat\u00fcrlich fermentiert werden. Das Resultat ist eine einzigartige Textur und maximale Marinierbarkeit \u2013 perfekt f\u00fcr vielseitigen Gebrauch in diversen K\u00fcchen.<\/p>\n\n\n\n<div class=\"wp-block-buttons\">\n<div class=\"wp-block-button\"><a class=\"wp-block-button__link wp-element-button\" href=\"https:\/\/luya.bio\/gastro-testpaket\/\">Probierpaket bestellen<\/a><\/div>\n<\/div>\n<\/div>\n\n\n\n<div class=\"wp-block-column\" style=\"flex-basis:41.66%\">\n<figure class=\"wp-block-image size-large rotate\"><img loading=\"lazy\" decoding=\"async\" width=\"834\" height=\"1024\" src=\"\/wp-content\/uploads\/2024\/02\/luya.bio-2023-11-27-Luya66570-834x1024.jpg\" alt=\"\" class=\"wp-image-3311\" srcset=\"https:\/\/luya.bio\/wp-content\/uploads\/2024\/02\/luya.bio-2023-11-27-Luya66570-834x1024.jpg 834w, https:\/\/luya.bio\/wp-content\/uploads\/2024\/02\/luya.bio-2023-11-27-Luya66570-780x958.jpg 780w, https:\/\/luya.bio\/wp-content\/uploads\/2024\/02\/luya.bio-2023-11-27-Luya66570-597x733.jpg 597w, https:\/\/luya.bio\/wp-content\/uploads\/2024\/02\/luya.bio-2023-11-27-Luya66570-244x300.jpg 244w, https:\/\/luya.bio\/wp-content\/uploads\/2024\/02\/luya.bio-2023-11-27-Luya66570-768x943.jpg 768w, https:\/\/luya.bio\/wp-content\/uploads\/2024\/02\/luya.bio-2023-11-27-Luya66570-228x280.jpg 228w, https:\/\/luya.bio\/wp-content\/uploads\/2024\/02\/luya.bio-2023-11-27-Luya66570-530x651.jpg 530w, https:\/\/luya.bio\/wp-content\/uploads\/2024\/02\/luya.bio-2023-11-27-Luya66570.jpg 983w\" sizes=\"auto, (max-width: 834px) 100vw, 834px\" \/><\/figure>\n<\/div>\n<\/div>\n\n\n\n<div class=\"wp-block-columns are-vertically-aligned-bottom icons-with-labels\">\n<div class=\"wp-block-column is-vertically-aligned-bottom\">\n<figure class=\"wp-block-image alignfull size-full\"><img loading=\"lazy\" decoding=\"async\" width=\"239\" height=\"142\" src=\"\/wp-content\/uploads\/2024\/01\/luya.bio-Icon-GanzeHuelsenfruechte.png\" alt=\"\" class=\"wp-image-3113\"\/><figcaption class=\"wp-element-caption\">Aus ganzen <br>H\u00fclsenfr\u00fcchten<\/figcaption><\/figure>\n<\/div>\n\n\n\n<div class=\"wp-block-column is-vertically-aligned-bottom\">\n<figure class=\"wp-block-image alignfull size-full\"><img loading=\"lazy\" decoding=\"async\" width=\"239\" height=\"164\" src=\"\/wp-content\/uploads\/2024\/01\/luya.bio-Icon-OhneZusatzstoffe.png\" alt=\"\" class=\"wp-image-3116\"\/><figcaption class=\"wp-element-caption\">Ohne <br>Zusatzstoffe<\/figcaption><\/figure>\n<\/div>\n\n\n\n<div class=\"wp-block-column is-vertically-aligned-bottom\">\n<figure class=\"wp-block-image alignfull size-full\"><img loading=\"lazy\" decoding=\"async\" width=\"239\" height=\"142\" src=\"\/wp-content\/uploads\/2024\/01\/luya.bio-Icon-Fermentiert.png\" alt=\"\" class=\"wp-image-3110\"\/><figcaption class=\"wp-element-caption\">Nat\u00fcrlich <br>fermentiert<\/figcaption><\/figure>\n<\/div>\n\n\n\n<div class=\"wp-block-column is-vertically-aligned-bottom\">\n<figure class=\"wp-block-image alignfull size-full\"><img loading=\"lazy\" decoding=\"async\" width=\"239\" height=\"142\" src=\"\/wp-content\/uploads\/2024\/01\/luya.bio-Icon-SchweizerBio.png\" alt=\"\" class=\"wp-image-3122\"\/><figcaption class=\"wp-element-caption\">100 % <br>Schweizer Bio<\/figcaption><\/figure>\n<\/div>\n\n\n\n<div class=\"wp-block-column is-vertically-aligned-bottom\">\n<figure class=\"wp-block-image alignfull size-full\"><img loading=\"lazy\" decoding=\"async\" width=\"239\" height=\"165\" src=\"\/wp-content\/uploads\/2024\/01\/luya.bio-Icon-Plantbased.png\" alt=\"\" class=\"wp-image-3119\"\/><figcaption class=\"wp-element-caption\">100 % <br>Plant-based<\/figcaption><\/figure>\n<\/div>\n\n\n\n<div class=\"wp-block-column is-vertically-aligned-bottom\">\n<figure class=\"wp-block-image alignfull size-full\"><img loading=\"lazy\" decoding=\"async\" width=\"239\" height=\"165\" src=\"\/wp-content\/uploads\/2024\/01\/luya.bio-Icon-VielseitigKreativ.png\" alt=\"\" class=\"wp-image-3125\"\/><figcaption class=\"wp-element-caption\">Vielseitig &amp; <br>kreativ<\/figcaption><\/figure>\n<\/div>\n<\/div>\n\n\n\n<h2 class=\"wp-block-heading\">Drei Portr\u00e4ts von Gastro-Playern<\/h2>\n\n\n\n<p>Wir waren beim&nbsp;<a href=\"https:\/\/www.hirsere.ch\/\" target=\"_blank\" rel=\"noreferrer noopener\">Landgasthof Hirsere<\/a>,&nbsp;<a href=\"https:\/\/www.stadt-zuerich.ch\/stadtspital\/de.html\" target=\"_blank\" rel=\"noreferrer noopener\">Stadtspital Triemli<\/a>&nbsp;und bei&nbsp;<a href=\"https:\/\/www.tasted.ch\/\" target=\"_blank\" rel=\"noreferrer noopener\">Tasted Foods<\/a>&nbsp;mit der Kamera zu Besuch und durften einen Blick hinter die Kulissen werfen.&nbsp;Lasst euch von drei unterschiedlichen Gastronomiebetrieben inspirieren!<\/p>\n\n\n\n<div class=\"wp-block-buttons\">\n<div class=\"wp-block-button\"><a class=\"wp-block-button__link wp-element-button\" href=\"https:\/\/luya.bio\/portraets\/\">Zu den Videos<\/a><\/div>\n<\/div>\n\n\n\n<div class=\"wp-block-group testimonials-carousel\">\n<div class=\"wp-block-group\">\n<figure class=\"wp-block-image size-large is-resized desktop-only\"><img loading=\"lazy\" decoding=\"async\" width=\"147\" height=\"86\" src=\"\/wp-content\/uploads\/2024\/01\/luya.bio-SingHalle-Luya-1.svg\" alt=\"\" class=\"wp-image-2889\" style=\"width:160px\"\/><\/figure>\n\n\n\n<h2 class=\"wp-block-heading\">Eine wachsende Community<\/h2>\n<\/div>\n\n\n<div id=\"block_6e6bf1a031762d2329937389fe349cb2\" class=\"wp-block-acf-testimonial\">\n\n\t\t\t\n\t<div class=\"glide\" >\n\t\t<div class=\"glide__track\" data-glide-el=\"track\">\n\t\t\t<ul class=\"glide__slides\">\n\t\t\t\t\t\t\t\t\t\t\t\t\t\t<li class=\"glide__slide \">\n\t\t\t\t\t\t\n<div class=\"testimonial-item\">\n\t<figure class=\"image\">\n\t\t<img loading=\"lazy\" decoding=\"async\" width=\"300\" height=\"300\" src=\"https:\/\/luya.bio\/wp-content\/uploads\/2024\/01\/luya.bio-Patrizia-Catalano-300x300.jpg\" class=\"attachment-medium size-medium\" alt=\"\" srcset=\"https:\/\/luya.bio\/wp-content\/uploads\/2024\/01\/luya.bio-Patrizia-Catalano-300x300.jpg 300w, https:\/\/luya.bio\/wp-content\/uploads\/2024\/01\/luya.bio-Patrizia-Catalano-780x780.jpg 780w, https:\/\/luya.bio\/wp-content\/uploads\/2024\/01\/luya.bio-Patrizia-Catalano-100x100.jpg 100w, https:\/\/luya.bio\/wp-content\/uploads\/2024\/01\/luya.bio-Patrizia-Catalano-597x597.jpg 597w, https:\/\/luya.bio\/wp-content\/uploads\/2024\/01\/luya.bio-Patrizia-Catalano-1024x1024.jpg 1024w, https:\/\/luya.bio\/wp-content\/uploads\/2024\/01\/luya.bio-Patrizia-Catalano-150x150.jpg 150w, https:\/\/luya.bio\/wp-content\/uploads\/2024\/01\/luya.bio-Patrizia-Catalano-768x768.jpg 768w, https:\/\/luya.bio\/wp-content\/uploads\/2024\/01\/luya.bio-Patrizia-Catalano-1536x1536.jpg 1536w, https:\/\/luya.bio\/wp-content\/uploads\/2024\/01\/luya.bio-Patrizia-Catalano-280x280.jpg 280w, https:\/\/luya.bio\/wp-content\/uploads\/2024\/01\/luya.bio-Patrizia-Catalano-530x530.jpg 530w, https:\/\/luya.bio\/wp-content\/uploads\/2024\/01\/luya.bio-Patrizia-Catalano.jpg 2000w\" sizes=\"auto, (max-width: 300px) 100vw, 300px\" \/>\t<\/figure>\n\t<div class=\"content\">\n\t\t<p class=\"quote\">\n\t\t\t\u201eWas mir am besten gef\u00e4llt: Kein Fleischimitat, sondern eine unglaublich vielseitige Zutat. Das ist die Zukunft der Food-Produktion!\u201d\t\t<\/p>\n\n\t\t<p class=\"label\">\n\t\t\t<strong>\n\t\t\t\t Patrizia Catalano\t\t\t\t<br>\n\t\t\t\t Rezeptentwicklerin, tibits\t\t\t<\/strong>\n\t\t<\/p>\n\t<\/div>\n<\/div>\n\n\t\t\t\t\t<\/li>\n\n\t\t\t\t\t\t\t\t\t\t\t\t\t\t\t\t\t\t\t<li class=\"glide__slide \">\n\t\t\t\t\t\t\n<div class=\"testimonial-item\">\n\t<figure class=\"image\">\n\t\t<img loading=\"lazy\" decoding=\"async\" width=\"300\" height=\"300\" src=\"https:\/\/luya.bio\/wp-content\/uploads\/2024\/01\/luya.bio-Michael-Dober-300x300.jpg\" class=\"attachment-medium size-medium\" alt=\"\" srcset=\"https:\/\/luya.bio\/wp-content\/uploads\/2024\/01\/luya.bio-Michael-Dober-300x300.jpg 300w, https:\/\/luya.bio\/wp-content\/uploads\/2024\/01\/luya.bio-Michael-Dober-780x780.jpg 780w, https:\/\/luya.bio\/wp-content\/uploads\/2024\/01\/luya.bio-Michael-Dober-100x100.jpg 100w, https:\/\/luya.bio\/wp-content\/uploads\/2024\/01\/luya.bio-Michael-Dober-597x597.jpg 597w, https:\/\/luya.bio\/wp-content\/uploads\/2024\/01\/luya.bio-Michael-Dober-1024x1024.jpg 1024w, https:\/\/luya.bio\/wp-content\/uploads\/2024\/01\/luya.bio-Michael-Dober-150x150.jpg 150w, https:\/\/luya.bio\/wp-content\/uploads\/2024\/01\/luya.bio-Michael-Dober-768x768.jpg 768w, https:\/\/luya.bio\/wp-content\/uploads\/2024\/01\/luya.bio-Michael-Dober-1536x1536.jpg 1536w, https:\/\/luya.bio\/wp-content\/uploads\/2024\/01\/luya.bio-Michael-Dober-280x280.jpg 280w, https:\/\/luya.bio\/wp-content\/uploads\/2024\/01\/luya.bio-Michael-Dober-530x530.jpg 530w, https:\/\/luya.bio\/wp-content\/uploads\/2024\/01\/luya.bio-Michael-Dober.jpg 2000w\" sizes=\"auto, (max-width: 300px) 100vw, 300px\" \/>\t<\/figure>\n\t<div class=\"content\">\n\t\t<p class=\"quote\">\n\t\t\t\u201eEinfach und schnell gekocht, schmeckt fein und du kannst es verschieden zubereiten. Luya hat uns wirklich weggehauen!\u201c\t\t<\/p>\n\n\t\t<p class=\"label\">\n\t\t\t<strong>\n\t\t\t\tMichael Dober\t\t\t\t<br>\n\t\t\t\tK\u00fcchenchef, Rosa Pulver\t\t\t<\/strong>\n\t\t<\/p>\n\t<\/div>\n<\/div>\n\n\t\t\t\t\t<\/li>\n\n\t\t\t\t\t\t\t\t\t\t\t\t\t\t\t\t\t\t\t<li class=\"glide__slide \">\n\t\t\t\t\t\t\n<div class=\"testimonial-item\">\n\t<figure class=\"image\">\n\t\t<img loading=\"lazy\" decoding=\"async\" width=\"300\" height=\"300\" src=\"https:\/\/luya.bio\/wp-content\/uploads\/2024\/01\/luya.bio-Ulla-Killing-Pepper-300x300.jpg\" class=\"attachment-medium size-medium\" alt=\"\" srcset=\"https:\/\/luya.bio\/wp-content\/uploads\/2024\/01\/luya.bio-Ulla-Killing-Pepper-300x300.jpg 300w, https:\/\/luya.bio\/wp-content\/uploads\/2024\/01\/luya.bio-Ulla-Killing-Pepper-780x780.jpg 780w, https:\/\/luya.bio\/wp-content\/uploads\/2024\/01\/luya.bio-Ulla-Killing-Pepper-100x100.jpg 100w, https:\/\/luya.bio\/wp-content\/uploads\/2024\/01\/luya.bio-Ulla-Killing-Pepper-597x597.jpg 597w, https:\/\/luya.bio\/wp-content\/uploads\/2024\/01\/luya.bio-Ulla-Killing-Pepper-1024x1024.jpg 1024w, https:\/\/luya.bio\/wp-content\/uploads\/2024\/01\/luya.bio-Ulla-Killing-Pepper-150x150.jpg 150w, https:\/\/luya.bio\/wp-content\/uploads\/2024\/01\/luya.bio-Ulla-Killing-Pepper-768x768.jpg 768w, https:\/\/luya.bio\/wp-content\/uploads\/2024\/01\/luya.bio-Ulla-Killing-Pepper-1536x1536.jpg 1536w, https:\/\/luya.bio\/wp-content\/uploads\/2024\/01\/luya.bio-Ulla-Killing-Pepper-280x280.jpg 280w, https:\/\/luya.bio\/wp-content\/uploads\/2024\/01\/luya.bio-Ulla-Killing-Pepper-530x530.jpg 530w, https:\/\/luya.bio\/wp-content\/uploads\/2024\/01\/luya.bio-Ulla-Killing-Pepper.jpg 2000w\" sizes=\"auto, (max-width: 300px) 100vw, 300px\" \/>\t<\/figure>\n\t<div class=\"content\">\n\t\t<p class=\"quote\">\n\t\t\t\u201eLuya ist f\u00fcr mich die perfekte Zutat, um kreativ zu werden. Dazu verk\u00f6rpert es auch noch ein neues Bewusstsein f\u00fcr Lebensmittel.\u201c\t\t<\/p>\n\n\t\t<p class=\"label\">\n\t\t\t<strong>\n\t\t\t\tUlla Killing Pepper\t\t\t\t<br>\n\t\t\t\tK\u00f6chin &#038; Food Stylistin\t\t\t<\/strong>\n\t\t<\/p>\n\t<\/div>\n<\/div>\n\n\t\t\t\t\t<\/li>\n\n\t\t\t\t\t\t\t\t\t\t\t\t\t\t\t\t\t\t\t<li class=\"glide__slide \">\n\t\t\t\t\t\t\n<div class=\"testimonial-item\">\n\t<figure class=\"image\">\n\t\t<img loading=\"lazy\" decoding=\"async\" width=\"300\" height=\"300\" src=\"https:\/\/luya.bio\/wp-content\/uploads\/2024\/01\/luya.bio-Somnuk-Trichit-300x300.jpg\" class=\"attachment-medium size-medium\" alt=\"\" srcset=\"https:\/\/luya.bio\/wp-content\/uploads\/2024\/01\/luya.bio-Somnuk-Trichit-300x300.jpg 300w, https:\/\/luya.bio\/wp-content\/uploads\/2024\/01\/luya.bio-Somnuk-Trichit-780x780.jpg 780w, https:\/\/luya.bio\/wp-content\/uploads\/2024\/01\/luya.bio-Somnuk-Trichit-100x100.jpg 100w, https:\/\/luya.bio\/wp-content\/uploads\/2024\/01\/luya.bio-Somnuk-Trichit-597x597.jpg 597w, https:\/\/luya.bio\/wp-content\/uploads\/2024\/01\/luya.bio-Somnuk-Trichit-1024x1024.jpg 1024w, https:\/\/luya.bio\/wp-content\/uploads\/2024\/01\/luya.bio-Somnuk-Trichit-150x150.jpg 150w, https:\/\/luya.bio\/wp-content\/uploads\/2024\/01\/luya.bio-Somnuk-Trichit-768x768.jpg 768w, https:\/\/luya.bio\/wp-content\/uploads\/2024\/01\/luya.bio-Somnuk-Trichit-1536x1536.jpg 1536w, https:\/\/luya.bio\/wp-content\/uploads\/2024\/01\/luya.bio-Somnuk-Trichit-280x280.jpg 280w, https:\/\/luya.bio\/wp-content\/uploads\/2024\/01\/luya.bio-Somnuk-Trichit-530x530.jpg 530w, https:\/\/luya.bio\/wp-content\/uploads\/2024\/01\/luya.bio-Somnuk-Trichit.jpg 2000w\" sizes=\"auto, (max-width: 300px) 100vw, 300px\" \/>\t<\/figure>\n\t<div class=\"content\">\n\t\t<p class=\"quote\">\n\t\t\t\u201eLuya ist nicht nur gesund, sondern auch richtig lecker, super saftig und mit festem Biss. Die perfekte Zutat f\u00fcr kreative Gerichte.\u201c\t\t<\/p>\n\n\t\t<p class=\"label\">\n\t\t\t<strong>\n\t\t\t\tSomnuk Trichit\t\t\t\t<br>\n\t\t\t\tHead Chef, LILY&#8217;S\t\t\t<\/strong>\n\t\t<\/p>\n\t<\/div>\n<\/div>\n\n\t\t\t\t\t<\/li>\n\n\t\t\t\t\t\t\t\t\t\t\t\t\t\t\t\t\t\t\t<li class=\"glide__slide \">\n\t\t\t\t\t\t\n<div class=\"testimonial-item\">\n\t<figure class=\"image\">\n\t\t<img loading=\"lazy\" decoding=\"async\" width=\"300\" height=\"300\" src=\"https:\/\/luya.bio\/wp-content\/uploads\/2024\/01\/luya.bio-Zoe-Torinesi-300x300.jpg\" class=\"attachment-medium size-medium\" alt=\"\" srcset=\"https:\/\/luya.bio\/wp-content\/uploads\/2024\/01\/luya.bio-Zoe-Torinesi-300x300.jpg 300w, https:\/\/luya.bio\/wp-content\/uploads\/2024\/01\/luya.bio-Zoe-Torinesi-780x780.jpg 780w, https:\/\/luya.bio\/wp-content\/uploads\/2024\/01\/luya.bio-Zoe-Torinesi-100x100.jpg 100w, https:\/\/luya.bio\/wp-content\/uploads\/2024\/01\/luya.bio-Zoe-Torinesi-597x597.jpg 597w, https:\/\/luya.bio\/wp-content\/uploads\/2024\/01\/luya.bio-Zoe-Torinesi-1024x1024.jpg 1024w, https:\/\/luya.bio\/wp-content\/uploads\/2024\/01\/luya.bio-Zoe-Torinesi-150x150.jpg 150w, https:\/\/luya.bio\/wp-content\/uploads\/2024\/01\/luya.bio-Zoe-Torinesi-768x768.jpg 768w, https:\/\/luya.bio\/wp-content\/uploads\/2024\/01\/luya.bio-Zoe-Torinesi-1536x1536.jpg 1536w, https:\/\/luya.bio\/wp-content\/uploads\/2024\/01\/luya.bio-Zoe-Torinesi-280x280.jpg 280w, https:\/\/luya.bio\/wp-content\/uploads\/2024\/01\/luya.bio-Zoe-Torinesi-530x530.jpg 530w, https:\/\/luya.bio\/wp-content\/uploads\/2024\/01\/luya.bio-Zoe-Torinesi.jpg 2000w\" sizes=\"auto, (max-width: 300px) 100vw, 300px\" \/>\t<\/figure>\n\t<div class=\"content\">\n\t\t<p class=\"quote\">\n\t\t\t\u201eAn Luya gef\u00e4llt mir, dass es absolut keine Zusatzstoffe enth\u00e4lt. Und in Suppen und Saucen nimmt es die Aromen wunderbar auf.\u201c\t\t<\/p>\n\n\t\t<p class=\"label\">\n\t\t\t<strong>\n\t\t\t\tZoe Torinesi\t\t\t\t<br>\n\t\t\t\tFoodbloggerin\t\t\t<\/strong>\n\t\t<\/p>\n\t<\/div>\n<\/div>\n\n\t\t\t\t\t<\/li>\n\n\t\t\t\t\t\t\t\t\t\n\t\t\t<\/ul>\n\t\t<\/div>\n\n\t\t\t\t\t<div class=\"glide__bullets\" data-glide-el=\"controls[nav]\">\n\t\t\t\t<button class='glide__bullet' data-glide-dir='=0' aria-label='Slide 1'><\/button><button class='glide__bullet' data-glide-dir='=1' aria-label='Slide 2'><\/button><button class='glide__bullet' data-glide-dir='=2' aria-label='Slide 3'><\/button><button class='glide__bullet' data-glide-dir='=3' aria-label='Slide 4'><\/button><button class='glide__bullet' data-glide-dir='=4' aria-label='Slide 5'><\/button>\t\t\t<\/div>\n\t\t\t<\/div>\n\n\t\n<\/div>\n\n\n<\/div>\n\n\n\n<div class=\"wp-block-group product-carousel  gastro-carousel\">\n<h2 class=\"wp-block-heading\">Luya f\u00fcr Gastro<\/h2>\n\n\n\n<div class=\"wp-block-buttons\" is-content-justification-right>\n<div class=\"wp-block-button\"><a class=\"wp-block-button__link wp-element-button\" href=\"https:\/\/luya.bio\/gastro-testpaket\/\">Probierpaket bestellen<\/a><\/div>\n<\/div>\n<\/div>\n\n\n\n<div class=\"wp-block-group alignfull gastro-back\">\n<div class=\"wp-block-group mobile-overlay-y-scroll\">\n<div class=\"wp-block-columns gastro-details\">\n<div class=\"wp-block-column\">\n<figure class=\"wp-block-image size-full\"><img loading=\"lazy\" decoding=\"async\" width=\"590\" height=\"482\" src=\"\/wp-content\/uploads\/2024\/02\/luya.bio-2023-11-27-Luya66617-zugeschnitten.jpg\" alt=\"\" class=\"wp-image-3534\" srcset=\"https:\/\/luya.bio\/wp-content\/uploads\/2024\/02\/luya.bio-2023-11-27-Luya66617-zugeschnitten.jpg 590w, https:\/\/luya.bio\/wp-content\/uploads\/2024\/02\/luya.bio-2023-11-27-Luya66617-zugeschnitten-300x245.jpg 300w, https:\/\/luya.bio\/wp-content\/uploads\/2024\/02\/luya.bio-2023-11-27-Luya66617-zugeschnitten-343x280.jpg 343w, https:\/\/luya.bio\/wp-content\/uploads\/2024\/02\/luya.bio-2023-11-27-Luya66617-zugeschnitten-530x433.jpg 530w\" sizes=\"auto, (max-width: 590px) 100vw, 590px\" \/><\/figure>\n\n\n\n<p class=\"has-bigger-font-size\"><strong>Luya Bio Geschnetzeltes<\/strong><\/p>\n\n\n\n<p>Luya Geschnetzeltes ist der Allrounder f\u00fcr jede K\u00fcche und echter Go-To f\u00fcr pflanzliche Kreativgerichte aller Art. Dank nat\u00fcrlicher Fermentation und der saftigen Konsistenz l\u00e4sst sich Simply Natural wunderbar nach eigenem Geschmack marinieren und w\u00fcrzen. In Bio-Qualit\u00e4t und ohne Zusatzstoffe ist Luya perfekt f\u00fcr vielseitigen Gebrauch in diversen Rezepten \u2013 ob Salate, Bowls oder asiatisch inspirierte Stir-Frys.<\/p>\n<\/div>\n\n\n\n<div class=\"wp-block-column\">\n<figure class=\"wp-block-image size-full\"><img loading=\"lazy\" decoding=\"async\" width=\"590\" height=\"482\" src=\"\/wp-content\/uploads\/2024\/02\/luya.bio-2023-11-27-Luya66956-zugeschnitten.jpg\" alt=\"\" class=\"wp-image-3537\" srcset=\"https:\/\/luya.bio\/wp-content\/uploads\/2024\/02\/luya.bio-2023-11-27-Luya66956-zugeschnitten.jpg 590w, https:\/\/luya.bio\/wp-content\/uploads\/2024\/02\/luya.bio-2023-11-27-Luya66956-zugeschnitten-300x245.jpg 300w, https:\/\/luya.bio\/wp-content\/uploads\/2024\/02\/luya.bio-2023-11-27-Luya66956-zugeschnitten-343x280.jpg 343w, https:\/\/luya.bio\/wp-content\/uploads\/2024\/02\/luya.bio-2023-11-27-Luya66956-zugeschnitten-530x433.jpg 530w\" sizes=\"auto, (max-width: 590px) 100vw, 590px\" \/><\/figure>\n\n\n\n<p class=\"has-bigger-font-size\"><strong>Luya Bio Burger<\/strong><\/p>\n\n\n\n<p>Gute Burger brauchen gute Patties. Auch bei plant-based. Und das heisst f\u00fcr uns saftig, schmackhaft und mit kerniger Textur zum richtig Anbraten. Wie das gelingt? Unser Luya Burgerpatty besteht wie alle unsere Produkte aus ganzen Bio-H\u00fclsenfr\u00fcchten, die gemahlen und nat\u00fcrlich fermentiert werden. Dadurch erh\u00e4lt unser plant-based Patty seinen einzigartigen Biss und unfassbare Juiciness, die jeden Burgerfan \u00fcberzeugen.<\/p>\n<\/div>\n\n\n\n<div class=\"wp-block-column\">\n<figure class=\"wp-block-image size-full\"><img loading=\"lazy\" decoding=\"async\" width=\"590\" height=\"482\" src=\"\/wp-content\/uploads\/2024\/02\/luya.bio-2023-11-27-Luya66313-zugeschnitten.jpg\" alt=\"\" class=\"wp-image-3540\" srcset=\"https:\/\/luya.bio\/wp-content\/uploads\/2024\/02\/luya.bio-2023-11-27-Luya66313-zugeschnitten.jpg 590w, https:\/\/luya.bio\/wp-content\/uploads\/2024\/02\/luya.bio-2023-11-27-Luya66313-zugeschnitten-300x245.jpg 300w, https:\/\/luya.bio\/wp-content\/uploads\/2024\/02\/luya.bio-2023-11-27-Luya66313-zugeschnitten-343x280.jpg 343w, https:\/\/luya.bio\/wp-content\/uploads\/2024\/02\/luya.bio-2023-11-27-Luya66313-zugeschnitten-530x433.jpg 530w\" sizes=\"auto, (max-width: 590px) 100vw, 590px\" \/><\/figure>\n\n\n\n<p class=\"has-bigger-font-size\"><strong>Luya Bio Nuggets<\/strong><\/p>\n\n\n\n<p>Der Finger Food-Klassiker f\u00fcr Kinder (und Kind-gebliebene) erh\u00e4lt mit Luya Bio Nuggets ein ordentliches Upgrade. Literally. 100% Schweizer Bio, 100% pflanzlich und mit cleaner Zutatenliste, ohne bei Geschmack, Textur und Crunch einzusparen. Im Gegenteil \u2013 Egal ob als Starzutat oder Beilage, mit Ketchup, Tzatziki oder pur, Luya Bio Nuggets setzen neue Standards als Not-So-Guilty Pleasure f\u00fcr Jung und Alt.<\/p>\n<\/div>\n\n\n\n<div class=\"wp-block-column\">\n<figure class=\"wp-block-image size-full\"><img loading=\"lazy\" decoding=\"async\" width=\"590\" height=\"482\" src=\"\/wp-content\/uploads\/2024\/02\/luya.bio-2023-11-27-Luya66669-zugeschnitten.jpg\" alt=\"\" class=\"wp-image-3543\" srcset=\"https:\/\/luya.bio\/wp-content\/uploads\/2024\/02\/luya.bio-2023-11-27-Luya66669-zugeschnitten.jpg 590w, https:\/\/luya.bio\/wp-content\/uploads\/2024\/02\/luya.bio-2023-11-27-Luya66669-zugeschnitten-300x245.jpg 300w, https:\/\/luya.bio\/wp-content\/uploads\/2024\/02\/luya.bio-2023-11-27-Luya66669-zugeschnitten-343x280.jpg 343w, https:\/\/luya.bio\/wp-content\/uploads\/2024\/02\/luya.bio-2023-11-27-Luya66669-zugeschnitten-530x433.jpg 530w\" sizes=\"auto, (max-width: 590px) 100vw, 590px\" \/><\/figure>\n\n\n\n<p class=\"has-bigger-font-size\"><strong>Luya Bio en Bloc<\/strong><\/p>\n\n\n\n<p>Gegrillt, am Spiess, als Sticks zum Dippen oder im Salat\u2026 you get the picture. Luya en Bloc ist maximal vielseitig einsetzbar und damit die perfekte Grundlage f\u00fcr kulinarische Kreativit\u00e4t. Und zwar f\u00fcr alle K\u00fcchen. Denn dank cleaner Bio-Zutaten, nat\u00fcrlicher Fermentation und saftiger Textur l\u00e4sst sich Luya wunderbar schneiden, marinieren und nach eigenem Geschmack w\u00fcrzen. Like Tofu\u2026 only better!<\/p>\n<\/div>\n<\/div>\n<\/div>\n\n\n\n<div class=\"wp-block-group alignfull\">\n<div class=\"wp-block-buttons\" is-content-justification-left>\n<div class=\"wp-block-button mobile-only\"><a class=\"wp-block-button__link has-default-background-color has-background wp-element-button\" href=\"https:\/\/luya.bio\/gastro-testpaket\/\">Probierpaket bestellen<\/a><\/div>\n<\/div>\n\n\n\n<div class=\"wp-block-group alignfull gastro-shops shop-logos\">\n<h2 class=\"wp-block-heading\">Erh\u00e4ltlich bei<\/h2>\n\n\n\n<figure class=\"wp-block-gallery aligncenter has-nested-images columns-5 wp-block-gallery-1\">\n<figure class=\"wp-block-image size-medium\"><a href=\"mailto:sales@luya.bio\"><img loading=\"lazy\" decoding=\"async\" width=\"300\" height=\"229\" data-id=\"3554\" src=\"\/wp-content\/uploads\/2024\/02\/luya.bio-Logo-Luya-300x229.png\" alt=\"\" class=\"wp-image-3554\" srcset=\"https:\/\/luya.bio\/wp-content\/uploads\/2024\/02\/luya.bio-Logo-Luya-300x229.png 300w, https:\/\/luya.bio\/wp-content\/uploads\/2024\/02\/luya.bio-Logo-Luya-366x280.png 366w, https:\/\/luya.bio\/wp-content\/uploads\/2024\/02\/luya.bio-Logo-Luya-530x405.png 530w, https:\/\/luya.bio\/wp-content\/uploads\/2024\/02\/luya.bio-Logo-Luya.png 585w\" sizes=\"auto, (max-width: 300px) 100vw, 300px\" \/><\/a><\/figure>\n\n\n\n<figure class=\"wp-block-image size-medium\"><img loading=\"lazy\" decoding=\"async\" width=\"300\" height=\"178\" data-id=\"3548\" src=\"\/wp-content\/uploads\/2024\/02\/luya.bio-bianchi-logo-300x178.png\" alt=\"\" class=\"wp-image-3548\" srcset=\"https:\/\/luya.bio\/wp-content\/uploads\/2024\/02\/luya.bio-bianchi-logo-300x178.png 300w, https:\/\/luya.bio\/wp-content\/uploads\/2024\/02\/luya.bio-bianchi-logo-597x355.png 597w, https:\/\/luya.bio\/wp-content\/uploads\/2024\/02\/luya.bio-bianchi-logo-471x280.png 471w, https:\/\/luya.bio\/wp-content\/uploads\/2024\/02\/luya.bio-bianchi-logo-530x315.png 530w, https:\/\/luya.bio\/wp-content\/uploads\/2024\/02\/luya.bio-bianchi-logo.png 606w\" sizes=\"auto, (max-width: 300px) 100vw, 300px\" \/><\/figure>\n\n\n\n\n\n<figure class=\"wp-block-image size-medium\"><img loading=\"lazy\" decoding=\"async\" width=\"300\" height=\"78\" data-id=\"5586\" src=\"\/wp-content\/uploads\/2025\/02\/luya.bio-pistor-logo-rot-300x78.png\" alt=\"\" class=\"wp-image-5586\" srcset=\"https:\/\/luya.bio\/wp-content\/uploads\/2025\/02\/luya.bio-pistor-logo-rot-300x78.png 300w, https:\/\/luya.bio\/wp-content\/uploads\/2025\/02\/luya.bio-pistor-logo-rot-1024x268.png 1024w, https:\/\/luya.bio\/wp-content\/uploads\/2025\/02\/luya.bio-pistor-logo-rot-768x201.png 768w, https:\/\/luya.bio\/wp-content\/uploads\/2025\/02\/luya.bio-pistor-logo-rot-1536x401.png 1536w, https:\/\/luya.bio\/wp-content\/uploads\/2025\/02\/luya.bio-pistor-logo-rot-2048x535.png 2048w, https:\/\/luya.bio\/wp-content\/uploads\/2025\/02\/luya.bio-pistor-logo-rot-1071x280.png 1071w, https:\/\/luya.bio\/wp-content\/uploads\/2025\/02\/luya.bio-pistor-logo-rot-530x139.png 530w, https:\/\/luya.bio\/wp-content\/uploads\/2025\/02\/luya.bio-pistor-logo-rot-780x204.png 780w, https:\/\/luya.bio\/wp-content\/uploads\/2025\/02\/luya.bio-pistor-logo-rot-597x156.png 597w\" sizes=\"auto, (max-width: 300px) 100vw, 300px\" \/><\/figure>\n\n\n<\/figure>\n<\/div>\n<\/div>\n<\/div>\n","protected":false},"excerpt":{"rendered":"<p>Einfach probieren! Du suchst nach einem veganen Upgrade f\u00fcr dein Men\u00fc? Anders als hochverarbeitete Fleischimitate basiert Luya auf ganzen Bio-H\u00fclsenfr\u00fcchten,&#8230; <\/p>","protected":false},"author":31,"featured_media":0,"parent":0,"menu_order":0,"comment_status":"closed","ping_status":"closed","template":"","meta":{"_acf_changed":false,"footnotes":""},"class_list":["post-3528","page","type-page","status-publish","hentry"],"acf":[],"_links":{"self":[{"href":"https:\/\/luya.bio\/fr\/wp-json\/wp\/v2\/pages\/3528","targetHints":{"allow":["GET"]}}],"collection":[{"href":"https:\/\/luya.bio\/fr\/wp-json\/wp\/v2\/pages"}],"about":[{"href":"https:\/\/luya.bio\/fr\/wp-json\/wp\/v2\/types\/page"}],"author":[{"embeddable":true,"href":"https:\/\/luya.bio\/fr\/wp-json\/wp\/v2\/users\/31"}],"replies":[{"embeddable":true,"href":"https:\/\/luya.bio\/fr\/wp-json\/wp\/v2\/comments?post=3528"}],"version-history":[{"count":94,"href":"https:\/\/luya.bio\/fr\/wp-json\/wp\/v2\/pages\/3528\/revisions"}],"predecessor-version":[{"id":6505,"href":"https:\/\/luya.bio\/fr\/wp-json\/wp\/v2\/pages\/3528\/revisions\/6505"}],"wp:attachment":[{"href":"https:\/\/luya.bio\/fr\/wp-json\/wp\/v2\/media?parent=3528"}],"curies":[{"name":"wp","href":"https:\/\/api.w.org\/{rel}","templated":true}]}}