{"id":3134,"date":"2024-01-30T12:03:23","date_gmt":"2024-01-30T11:03:23","guid":{"rendered":"https:\/\/luya.bio\/?page_id=3134"},"modified":"2025-09-25T13:48:33","modified_gmt":"2025-09-25T11:48:33","slug":"shop-footer","status":"publish","type":"page","link":"https:\/\/luya.bio\/fr\/shop-footer\/","title":{"rendered":"Boutique - Pied de page"},"content":{"rendered":"<div class=\"wp-block-columns below-shop\">\n<div class=\"wp-block-column\" style=\"flex-basis:25%\"><\/div>\n\n\n\n<div class=\"wp-block-column\">\n<p class=\"has-text-align-center\">De nouveaux produits seront bient\u00f4t disponibles. Inscris-toi ci-dessous \u00e0 notre <strong><a href=\"#newsletter\">de Luya<\/a><\/strong> pour \u00eatre au courant des derni\u00e8res nouveaut\u00e9s !<\/p>\n<\/div>\n\n\n\n<div class=\"wp-block-column\" style=\"flex-basis:25%\"><\/div>\n<\/div>","protected":false},"excerpt":{"rendered":"<p>De nouveaux produits seront bient\u00f4t disponibles. Inscris-toi \u00e0 notre newsletter ci-dessous pour rester inform\u00e9 !<\/p>","protected":false},"author":31,"featured_media":0,"parent":0,"menu_order":0,"comment_status":"closed","ping_status":"closed","template":"","meta":{"_acf_changed":false,"footnotes":""},"class_list":["post-3134","page","type-page","status-publish","hentry"],"acf":[],"_links":{"self":[{"href":"https:\/\/luya.bio\/fr\/wp-json\/wp\/v2\/pages\/3134","targetHints":{"allow":["GET"]}}],"collection":[{"href":"https:\/\/luya.bio\/fr\/wp-json\/wp\/v2\/pages"}],"about":[{"href":"https:\/\/luya.bio\/fr\/wp-json\/wp\/v2\/types\/page"}],"author":[{"embeddable":true,"href":"https:\/\/luya.bio\/fr\/wp-json\/wp\/v2\/users\/31"}],"replies":[{"embeddable":true,"href":"https:\/\/luya.bio\/fr\/wp-json\/wp\/v2\/comments?post=3134"}],"version-history":[{"count":3,"href":"https:\/\/luya.bio\/fr\/wp-json\/wp\/v2\/pages\/3134\/revisions"}],"predecessor-version":[{"id":3166,"href":"https:\/\/luya.bio\/fr\/wp-json\/wp\/v2\/pages\/3134\/revisions\/3166"}],"wp:attachment":[{"href":"https:\/\/luya.bio\/fr\/wp-json\/wp\/v2\/media?parent=3134"}],"curies":[{"name":"wp","href":"https:\/\/api.w.org\/{rel}","templated":true}]}}