{"id":5240,"date":"2024-09-26T17:31:46","date_gmt":"2024-09-26T15:31:46","guid":{"rendered":"https:\/\/luya.bio\/?page_id=5240"},"modified":"2025-03-31T17:41:05","modified_gmt":"2025-03-31T15:41:05","slug":"guelsha-loves-luya","status":"publish","type":"page","link":"https:\/\/luya.bio\/en\/guelsha-liebt-luya\/","title":{"rendered":"G\u00fclsha"},"content":{"rendered":"<div class=\"wp-block-columns media-text-columns\">\n<div class=\"wp-block-column is-vertically-aligned-center\" style=\"flex-basis:38%\">\n<h2 class=\"wp-block-heading\">G\u00fclsha loves Luya!<\/h2>\n\n\n\n<h6 class=\"wp-block-heading has-headline-small-font-size\" style=\"text-transform:none\">She reveals her secrets for the perfect flavour.<br><\/h6>\n\n\n\n<div style=\"height:32px\" aria-hidden=\"true\" class=\"wp-block-spacer\"><\/div>\n\n\n\n<figure class=\"wp-block-embed is-type-video is-provider-vimeo wp-block-embed-vimeo wp-embed-aspect-9-16 wp-has-aspect-ratio\"><div class=\"wp-block-embed__wrapper\">\n<iframe loading=\"lazy\" title=\"G\u00fclsha cooks Luya\" src=\"https:\/\/player.vimeo.com\/video\/1012002787?dnt=1&amp;app_id=122963\" width=\"563\" height=\"1000\" frameborder=\"0\" allow=\"autoplay; fullscreen; picture-in-picture; clipboard-write; encrypted-media\"><\/iframe>\n<\/div><\/figure>\n<\/div>\n\n\n\n<div class=\"wp-block-column\" style=\"flex-basis:50%\">\n<div style=\"height:232px\" aria-hidden=\"true\" class=\"wp-block-spacer hide-on-mobile\"><\/div>\n\n\n\n<p class=\"wp-embed-aspect-9-16 wp-has-aspect-ratio\">G\u00fclsha loves Luya! She reveals her secrets for the perfect flavour. We recently sent G\u00fclsha Adilji a Luya parcel - and she is just as enthusiastic about our Luyas as we are! \ud83c\udf89<br><br>G\u00fclsha, known as a TV presenter, comedian and author, has tried her hand at being a food influencer for us. In her latest video, she shows off her cooking skills with our delicious Luya products!<br><br>Curious? Watch the video to see how G\u00fclsha cooks with Luya! \ud83c\udfa5<\/p>\n<\/div>\n<\/div>","protected":false},"excerpt":{"rendered":"<p>G\u00fclsha liebt Luya! Sie verr\u00e4t ihre Geheimnisse f\u00fcr den perfekten Geschmack. G\u00fclsha liebt Luya! Sie verr\u00e4t ihre Geheimnisse f\u00fcr den&#8230; <\/p>","protected":false},"author":58,"featured_media":5388,"parent":0,"menu_order":0,"comment_status":"closed","ping_status":"closed","template":"","meta":{"_acf_changed":false,"footnotes":""},"class_list":["post-5240","page","type-page","status-publish","has-post-thumbnail","hentry"],"acf":[],"_links":{"self":[{"href":"https:\/\/luya.bio\/en\/wp-json\/wp\/v2\/pages\/5240","targetHints":{"allow":["GET"]}}],"collection":[{"href":"https:\/\/luya.bio\/en\/wp-json\/wp\/v2\/pages"}],"about":[{"href":"https:\/\/luya.bio\/en\/wp-json\/wp\/v2\/types\/page"}],"author":[{"embeddable":true,"href":"https:\/\/luya.bio\/en\/wp-json\/wp\/v2\/users\/58"}],"replies":[{"embeddable":true,"href":"https:\/\/luya.bio\/en\/wp-json\/wp\/v2\/comments?post=5240"}],"version-history":[{"count":29,"href":"https:\/\/luya.bio\/en\/wp-json\/wp\/v2\/pages\/5240\/revisions"}],"predecessor-version":[{"id":5801,"href":"https:\/\/luya.bio\/en\/wp-json\/wp\/v2\/pages\/5240\/revisions\/5801"}],"wp:featuredmedia":[{"embeddable":true,"href":"https:\/\/luya.bio\/en\/wp-json\/wp\/v2\/media\/5388"}],"wp:attachment":[{"href":"https:\/\/luya.bio\/en\/wp-json\/wp\/v2\/media?parent=5240"}],"curies":[{"name":"wp","href":"https:\/\/api.w.org\/{rel}","templated":true}]}}